{"id":9449,"date":"2023-03-31T16:17:42","date_gmt":"2023-03-31T14:17:42","guid":{"rendered":"https:\/\/www.dijkstrahotels.com\/?page_id=9449"},"modified":"2024-10-17T13:53:04","modified_gmt":"2024-10-17T11:53:04","slug":"fahrrad-routen-fahrrad-verleih","status":"publish","type":"page","link":"https:\/\/www.dijkstrahotels.com\/de\/fahrrad-routen-fahrrad-verleih\/","title":{"rendered":"Fahrrad Routen\/ Fahrrad Verleih"},"content":{"rendered":"<h1>Fahrradverleih<\/h1>\n<p>Bergen und die Umgebung sind der Radsportort der Extraklasse! Radeln Sie durch den Wald zu den D\u00fcnen von Bergen aan Zee und Schoorl. Oder machen Sie einen Spaziergang durch die Wiesenlandschaft und besuchen Sie die K\u00e4sestadt Alkmaar.<\/p>\n<p>Wenn Sie Ihr eigenes Fahrrad mitbringen, k\u00f6nnen Sie den Fahrraddepot hinter dem Restaurant sicher nutzen. Das Fahrraddepot ist mit einer Fahrradpumpe und einem kleinen Fahrradreparaturset ausgestattet. Hier k\u00f6nnen Sie auch Ihr Elektrofahrrad aufladen.<\/p>\n<p>F\u00fcr die echten Road Warriors, die kein eigenes Fahrrad dabei haben und eine gro\u00dfe Tour machen wollen, arbeiten wir mit Bonbonbike zusammen. Hier finden Sie eine gro\u00dfe Auswahl an Elektrofahrr\u00e4dern, Mountainbikes, Kinderfahrr\u00e4dern und mehr, und das Tolle ist, dass sie praktisch um die Ecke von den Dijkstra Hotels (80 Meter) liegen. Zum Hotel Joli sind es 10 Minuten zu Fu\u00df das sch\u00f6ne Zentrum. <span style=\"color: #0000ff;\"><a style=\"color: #0000ff;\" href=\"https:\/\/bonbonbike0001.cyclerent.com\/Regform.aspx\" target=\"_blank\" rel=\"noopener\">Klicken Sie hier f\u00fcr die umfangreichen Fahrr\u00e4der von Bonbon Bike<\/a><\/span><\/p>\n<p>Wir arbeiten auch mit <span style=\"color: #0000ff;\"><a style=\"color: #0000ff;\" href=\"https:\/\/dijkstrahotelsfietsenverhuur.fietsreserveren.nl\/\" target=\"_blank\" rel=\"noopener\">Fahradverleih Bergen<\/a> <\/span>zusammen, dieser Fahrradverleih befindet sich im Zentrum, etwa 200 Meter von den Dijkstra Hotels entfernt, f\u00fcr die G\u00e4ste des Hotel Joli liegt dieser Fahrradverleih etwas n\u00e4her.<\/p>\n<p>&nbsp;<\/p>\n<p>Radwege<\/p>\n<p>&nbsp;<\/p>\n<p><a href=\"https:\/\/routiq.com\/de\/route\/2027924\/radweg-hotel-heerlijkheid-und-restaurant-studlers\" target=\"_blank\" rel=\"noopener\">De Heerlijkheid<\/a><\/p>\n<p><a href=\"https:\/\/routiq.com\/de\/route\/3402186\/spaziergang-restaurant-studlers-und-hotel-joli\" target=\"_blank\" rel=\"noopener\">Spaziergang Studlers und Joli<\/a><\/p>\n","protected":false},"excerpt":{"rendered":"<p>Fahrradverleih Bergen und die Umgebung sind der Radsportort der Extraklasse! Radeln Sie durch den Wald zu den D\u00fcnen von Bergen aan Zee und Schoorl. Oder machen Sie einen Spaziergang durch die Wiesenlandschaft und besuchen Sie die K\u00e4sestadt Alkmaar. Wenn Sie Ihr eigenes Fahrrad mitbringen, k\u00f6nnen Sie den Fahrraddepot hinter dem Restaurant sicher nutzen. Das Fahrraddepot&hellip;<\/p>\n","protected":false},"author":2,"featured_media":0,"parent":0,"menu_order":0,"comment_status":"closed","ping_status":"closed","template":"","meta":{"footnotes":""},"class_list":["post-9449","page","type-page","status-publish","hentry","description-off"],"yoast_head":"<!-- This site is optimized with the Yoast SEO plugin v27.4 - https:\/\/yoast.com\/product\/yoast-seo-wordpress\/ -->\n<title>Fahrrad Routen\/ Fahrrad Verleih - Dijkstra hotels<\/title>\n<meta name=\"robots\" content=\"index, follow, max-snippet:-1, max-image-preview:large, max-video-preview:-1\" \/>\n<link rel=\"canonical\" href=\"https:\/\/www.dijkstrahotels.com\/de\/fahrrad-routen-fahrrad-verleih\/\" \/>\n<meta property=\"og:locale\" content=\"de_DE\" \/>\n<meta property=\"og:type\" content=\"article\" \/>\n<meta property=\"og:title\" content=\"Fahrrad Routen\/ Fahrrad Verleih - Dijkstra hotels\" \/>\n<meta property=\"og:description\" content=\"Fahrradverleih Bergen und die Umgebung sind der Radsportort der Extraklasse! Radeln Sie durch den Wald zu den D\u00fcnen von Bergen aan Zee und Schoorl. Oder machen Sie einen Spaziergang durch die Wiesenlandschaft und besuchen Sie die K\u00e4sestadt Alkmaar. Wenn Sie Ihr eigenes Fahrrad mitbringen, k\u00f6nnen Sie den Fahrraddepot hinter dem Restaurant sicher nutzen. Das Fahrraddepot&hellip;\" \/>\n<meta property=\"og:url\" content=\"https:\/\/www.dijkstrahotels.com\/de\/fahrrad-routen-fahrrad-verleih\/\" \/>\n<meta property=\"og:site_name\" content=\"Dijkstra hotels\" \/>\n<meta property=\"article:modified_time\" content=\"2024-10-17T11:53:04+00:00\" \/>\n<meta name=\"twitter:card\" content=\"summary_large_image\" \/>\n<meta name=\"twitter:label1\" content=\"Gesch\u00e4tzte Lesezeit\" \/>\n\t<meta name=\"twitter:data1\" content=\"1 Minute\" \/>\n<script type=\"application\/ld+json\" class=\"yoast-schema-graph\">{\"@context\":\"https:\\\/\\\/schema.org\",\"@graph\":[{\"@type\":\"WebPage\",\"@id\":\"https:\\\/\\\/www.dijkstrahotels.com\\\/de\\\/fahrrad-routen-fahrrad-verleih\\\/\",\"url\":\"https:\\\/\\\/www.dijkstrahotels.com\\\/de\\\/fahrrad-routen-fahrrad-verleih\\\/\",\"name\":\"Fahrrad Routen\\\/ Fahrrad Verleih - Dijkstra hotels\",\"isPartOf\":{\"@id\":\"https:\\\/\\\/www.dijkstrahotels.com\\\/#website\"},\"datePublished\":\"2023-03-31T14:17:42+00:00\",\"dateModified\":\"2024-10-17T11:53:04+00:00\",\"breadcrumb\":{\"@id\":\"https:\\\/\\\/www.dijkstrahotels.com\\\/de\\\/fahrrad-routen-fahrrad-verleih\\\/#breadcrumb\"},\"inLanguage\":\"de-DE\",\"potentialAction\":[{\"@type\":\"ReadAction\",\"target\":[\"https:\\\/\\\/www.dijkstrahotels.com\\\/de\\\/fahrrad-routen-fahrrad-verleih\\\/\"]}]},{\"@type\":\"BreadcrumbList\",\"@id\":\"https:\\\/\\\/www.dijkstrahotels.com\\\/de\\\/fahrrad-routen-fahrrad-verleih\\\/#breadcrumb\",\"itemListElement\":[{\"@type\":\"ListItem\",\"position\":1,\"name\":\"Home\",\"item\":\"https:\\\/\\\/www.dijkstrahotels.com\\\/de\\\/\"},{\"@type\":\"ListItem\",\"position\":2,\"name\":\"Fahrrad Routen\\\/ Fahrrad Verleih\"}]},{\"@type\":\"WebSite\",\"@id\":\"https:\\\/\\\/www.dijkstrahotels.com\\\/#website\",\"url\":\"https:\\\/\\\/www.dijkstrahotels.com\\\/\",\"name\":\"Dijkstra hotels\",\"description\":\"Bijzondere kleinschalige hotels in Bergen\",\"potentialAction\":[{\"@type\":\"SearchAction\",\"target\":{\"@type\":\"EntryPoint\",\"urlTemplate\":\"https:\\\/\\\/www.dijkstrahotels.com\\\/?s={search_term_string}\"},\"query-input\":{\"@type\":\"PropertyValueSpecification\",\"valueRequired\":true,\"valueName\":\"search_term_string\"}}],\"inLanguage\":\"de-DE\"}]}<\/script>\n<!-- \/ Yoast SEO plugin. -->","yoast_head_json":{"title":"Fahrrad Routen\/ Fahrrad Verleih - Dijkstra hotels","robots":{"index":"index","follow":"follow","max-snippet":"max-snippet:-1","max-image-preview":"max-image-preview:large","max-video-preview":"max-video-preview:-1"},"canonical":"https:\/\/www.dijkstrahotels.com\/de\/fahrrad-routen-fahrrad-verleih\/","og_locale":"de_DE","og_type":"article","og_title":"Fahrrad Routen\/ Fahrrad Verleih - Dijkstra hotels","og_description":"Fahrradverleih Bergen und die Umgebung sind der Radsportort der Extraklasse! Radeln Sie durch den Wald zu den D\u00fcnen von Bergen aan Zee und Schoorl. Oder machen Sie einen Spaziergang durch die Wiesenlandschaft und besuchen Sie die K\u00e4sestadt Alkmaar. Wenn Sie Ihr eigenes Fahrrad mitbringen, k\u00f6nnen Sie den Fahrraddepot hinter dem Restaurant sicher nutzen. Das Fahrraddepot&hellip;","og_url":"https:\/\/www.dijkstrahotels.com\/de\/fahrrad-routen-fahrrad-verleih\/","og_site_name":"Dijkstra hotels","article_modified_time":"2024-10-17T11:53:04+00:00","twitter_card":"summary_large_image","twitter_misc":{"Gesch\u00e4tzte Lesezeit":"1 Minute"},"schema":{"@context":"https:\/\/schema.org","@graph":[{"@type":"WebPage","@id":"https:\/\/www.dijkstrahotels.com\/de\/fahrrad-routen-fahrrad-verleih\/","url":"https:\/\/www.dijkstrahotels.com\/de\/fahrrad-routen-fahrrad-verleih\/","name":"Fahrrad Routen\/ Fahrrad Verleih - Dijkstra hotels","isPartOf":{"@id":"https:\/\/www.dijkstrahotels.com\/#website"},"datePublished":"2023-03-31T14:17:42+00:00","dateModified":"2024-10-17T11:53:04+00:00","breadcrumb":{"@id":"https:\/\/www.dijkstrahotels.com\/de\/fahrrad-routen-fahrrad-verleih\/#breadcrumb"},"inLanguage":"de-DE","potentialAction":[{"@type":"ReadAction","target":["https:\/\/www.dijkstrahotels.com\/de\/fahrrad-routen-fahrrad-verleih\/"]}]},{"@type":"BreadcrumbList","@id":"https:\/\/www.dijkstrahotels.com\/de\/fahrrad-routen-fahrrad-verleih\/#breadcrumb","itemListElement":[{"@type":"ListItem","position":1,"name":"Home","item":"https:\/\/www.dijkstrahotels.com\/de\/"},{"@type":"ListItem","position":2,"name":"Fahrrad Routen\/ Fahrrad Verleih"}]},{"@type":"WebSite","@id":"https:\/\/www.dijkstrahotels.com\/#website","url":"https:\/\/www.dijkstrahotels.com\/","name":"Dijkstra hotels","description":"Bijzondere kleinschalige hotels in Bergen","potentialAction":[{"@type":"SearchAction","target":{"@type":"EntryPoint","urlTemplate":"https:\/\/www.dijkstrahotels.com\/?s={search_term_string}"},"query-input":{"@type":"PropertyValueSpecification","valueRequired":true,"valueName":"search_term_string"}}],"inLanguage":"de-DE"}]}},"_links":{"self":[{"href":"https:\/\/www.dijkstrahotels.com\/de\/wp-json\/wp\/v2\/pages\/9449","targetHints":{"allow":["GET"]}}],"collection":[{"href":"https:\/\/www.dijkstrahotels.com\/de\/wp-json\/wp\/v2\/pages"}],"about":[{"href":"https:\/\/www.dijkstrahotels.com\/de\/wp-json\/wp\/v2\/types\/page"}],"author":[{"embeddable":true,"href":"https:\/\/www.dijkstrahotels.com\/de\/wp-json\/wp\/v2\/users\/2"}],"replies":[{"embeddable":true,"href":"https:\/\/www.dijkstrahotels.com\/de\/wp-json\/wp\/v2\/comments?post=9449"}],"version-history":[{"count":8,"href":"https:\/\/www.dijkstrahotels.com\/de\/wp-json\/wp\/v2\/pages\/9449\/revisions"}],"predecessor-version":[{"id":9760,"href":"https:\/\/www.dijkstrahotels.com\/de\/wp-json\/wp\/v2\/pages\/9449\/revisions\/9760"}],"wp:attachment":[{"href":"https:\/\/www.dijkstrahotels.com\/de\/wp-json\/wp\/v2\/media?parent=9449"}],"curies":[{"name":"wp","href":"https:\/\/api.w.org\/{rel}","templated":true}]}}