{"id":9447,"date":"2023-03-31T16:13:13","date_gmt":"2023-03-31T14:13:13","guid":{"rendered":"https:\/\/www.dijkstrahotels.com\/?page_id=9447"},"modified":"2023-03-31T16:13:13","modified_gmt":"2023-03-31T14:13:13","slug":"ein-auschecken","status":"publish","type":"page","link":"https:\/\/www.dijkstrahotels.com\/de\/ein-auschecken\/","title":{"rendered":"Ein\/ Auschecken"},"content":{"rendered":"<p>Der Check-in ist ab 15:00 Uhr m\u00f6glich, ein fr\u00fcher Check-in ist f\u00fcr 15,00 \u20ac ab 13:00 Uhr m\u00f6glich. Der Check-in f\u00fcr Breeburg, Heerlijkheid und Renenpark erfolgt in der Breelaan 22 (1861 GE) in Bergen. F\u00fcr das Hotel Joli ist dies die Ru\u00efnelaan 15 (1861 LK) in Bergen. Sie k\u00f6nnen in der Nebensaison bis 17:00 Uhr und in der Hochsaison bis 19:00 Uhr an der Rezeption des Hotel Joli einchecken. Wenn Sie nach dieser Zeit anreisen, besteht die M\u00f6glichkeit eines Self-Check-in. Sollten Sie bei Rezeptionsschluss noch nicht eingecheckt sein, werden wir uns mit Ihnen in Verbindung setzen. Im Hotel Breeburg\/Heerlijkheid\/Renenpark ist die Rezeption immer bis mindestens 17:00 Uhr ge\u00f6ffnet, danach wird sie von unserem Restaurant \u00fcbernommen. Wenn Sie nach 21:00 Uhr einchecken m\u00f6chten, wenden Sie sich bitte an unsere Rezeption (072-5813012), damit wir dies ber\u00fccksichtigen oder entsprechende Ma\u00dfnahmen ergreifen k\u00f6nnen.<\/p>\n<p>Bei Ihrer Ankunft k\u00f6nnen Sie das Auto kurz auf dem B\u00fcrgersteig parken, um Ihr Gep\u00e4ck auszuladen, bitte ber\u00fccksichtigen Sie den Durchgangsverkehr.<\/p>\n<p>Sie k\u00f6nnen zwischen 08:00 und 11:00 Uhr auschecken, wenn Sie fr\u00fcher auschecken m\u00f6chten, geben Sie dies bitte rechtzeitig an, wir k\u00f6nnen dann die Rechnung f\u00fcr Sie erstellen, und wenn Sie nicht rechtzeitig zum Fr\u00fchst\u00fcck kommen, k\u00f6nnen wir dies m\u00f6glicherweise arrangieren a Bereiten Sie ein Fr\u00fchst\u00fcckspaket f\u00fcr Sie vor. Ein sp\u00e4ter Check-out ist auf Anfrage m\u00f6glich (nach Verf\u00fcgbarkeit), die Kosten betragen \u20ac 10,- pro Stunde. und kann bis 14:00 Uhr sein<\/p>\n","protected":false},"excerpt":{"rendered":"<p>Der Check-in ist ab 15:00 Uhr m\u00f6glich, ein fr\u00fcher Check-in ist f\u00fcr 15,00 \u20ac ab 13:00 Uhr m\u00f6glich. Der Check-in f\u00fcr Breeburg, Heerlijkheid und Renenpark erfolgt in der Breelaan 22 (1861 GE) in Bergen. F\u00fcr das Hotel Joli ist dies die Ru\u00efnelaan 15 (1861 LK) in Bergen. Sie k\u00f6nnen in der Nebensaison bis 17:00 Uhr&hellip;<\/p>\n","protected":false},"author":2,"featured_media":0,"parent":0,"menu_order":0,"comment_status":"closed","ping_status":"closed","template":"","meta":{"footnotes":""},"class_list":["post-9447","page","type-page","status-publish","hentry","description-off"],"yoast_head":"<!-- This site is optimized with the Yoast SEO plugin v27.1.1 - https:\/\/yoast.com\/product\/yoast-seo-wordpress\/ -->\n<title>Ein\/ Auschecken - Dijkstra hotels<\/title>\n<meta name=\"robots\" content=\"index, follow, max-snippet:-1, max-image-preview:large, max-video-preview:-1\" \/>\n<link rel=\"canonical\" href=\"https:\/\/www.dijkstrahotels.com\/de\/ein-auschecken\/\" \/>\n<meta property=\"og:locale\" content=\"de_DE\" \/>\n<meta property=\"og:type\" content=\"article\" \/>\n<meta property=\"og:title\" content=\"Ein\/ Auschecken - Dijkstra hotels\" \/>\n<meta property=\"og:description\" content=\"Der Check-in ist ab 15:00 Uhr m\u00f6glich, ein fr\u00fcher Check-in ist f\u00fcr 15,00 \u20ac ab 13:00 Uhr m\u00f6glich. Der Check-in f\u00fcr Breeburg, Heerlijkheid und Renenpark erfolgt in der Breelaan 22 (1861 GE) in Bergen. F\u00fcr das Hotel Joli ist dies die Ru\u00efnelaan 15 (1861 LK) in Bergen. Sie k\u00f6nnen in der Nebensaison bis 17:00 Uhr&hellip;\" \/>\n<meta property=\"og:url\" content=\"https:\/\/www.dijkstrahotels.com\/de\/ein-auschecken\/\" \/>\n<meta property=\"og:site_name\" content=\"Dijkstra hotels\" \/>\n<meta name=\"twitter:card\" content=\"summary_large_image\" \/>\n<meta name=\"twitter:label1\" content=\"Gesch\u00e4tzte Lesezeit\" \/>\n\t<meta name=\"twitter:data1\" content=\"2 Minuten\" \/>\n<script type=\"application\/ld+json\" class=\"yoast-schema-graph\">{\"@context\":\"https:\/\/schema.org\",\"@graph\":[{\"@type\":\"WebPage\",\"@id\":\"https:\/\/www.dijkstrahotels.com\/de\/ein-auschecken\/\",\"url\":\"https:\/\/www.dijkstrahotels.com\/de\/ein-auschecken\/\",\"name\":\"Ein\/ Auschecken - Dijkstra hotels\",\"isPartOf\":{\"@id\":\"https:\/\/www.dijkstrahotels.com\/#website\"},\"datePublished\":\"2023-03-31T14:13:13+00:00\",\"breadcrumb\":{\"@id\":\"https:\/\/www.dijkstrahotels.com\/de\/ein-auschecken\/#breadcrumb\"},\"inLanguage\":\"de-DE\",\"potentialAction\":[{\"@type\":\"ReadAction\",\"target\":[\"https:\/\/www.dijkstrahotels.com\/de\/ein-auschecken\/\"]}]},{\"@type\":\"BreadcrumbList\",\"@id\":\"https:\/\/www.dijkstrahotels.com\/de\/ein-auschecken\/#breadcrumb\",\"itemListElement\":[{\"@type\":\"ListItem\",\"position\":1,\"name\":\"Home\",\"item\":\"https:\/\/www.dijkstrahotels.com\/de\/\"},{\"@type\":\"ListItem\",\"position\":2,\"name\":\"Ein\/ Auschecken\"}]},{\"@type\":\"WebSite\",\"@id\":\"https:\/\/www.dijkstrahotels.com\/#website\",\"url\":\"https:\/\/www.dijkstrahotels.com\/\",\"name\":\"Dijkstra hotels\",\"description\":\"Bijzondere kleinschalige hotels in Bergen\",\"potentialAction\":[{\"@type\":\"SearchAction\",\"target\":{\"@type\":\"EntryPoint\",\"urlTemplate\":\"https:\/\/www.dijkstrahotels.com\/?s={search_term_string}\"},\"query-input\":{\"@type\":\"PropertyValueSpecification\",\"valueRequired\":true,\"valueName\":\"search_term_string\"}}],\"inLanguage\":\"de-DE\"}]}<\/script>\n<!-- \/ Yoast SEO plugin. -->","yoast_head_json":{"title":"Ein\/ Auschecken - Dijkstra hotels","robots":{"index":"index","follow":"follow","max-snippet":"max-snippet:-1","max-image-preview":"max-image-preview:large","max-video-preview":"max-video-preview:-1"},"canonical":"https:\/\/www.dijkstrahotels.com\/de\/ein-auschecken\/","og_locale":"de_DE","og_type":"article","og_title":"Ein\/ Auschecken - Dijkstra hotels","og_description":"Der Check-in ist ab 15:00 Uhr m\u00f6glich, ein fr\u00fcher Check-in ist f\u00fcr 15,00 \u20ac ab 13:00 Uhr m\u00f6glich. Der Check-in f\u00fcr Breeburg, Heerlijkheid und Renenpark erfolgt in der Breelaan 22 (1861 GE) in Bergen. F\u00fcr das Hotel Joli ist dies die Ru\u00efnelaan 15 (1861 LK) in Bergen. Sie k\u00f6nnen in der Nebensaison bis 17:00 Uhr&hellip;","og_url":"https:\/\/www.dijkstrahotels.com\/de\/ein-auschecken\/","og_site_name":"Dijkstra hotels","twitter_card":"summary_large_image","twitter_misc":{"Gesch\u00e4tzte Lesezeit":"2 Minuten"},"schema":{"@context":"https:\/\/schema.org","@graph":[{"@type":"WebPage","@id":"https:\/\/www.dijkstrahotels.com\/de\/ein-auschecken\/","url":"https:\/\/www.dijkstrahotels.com\/de\/ein-auschecken\/","name":"Ein\/ Auschecken - Dijkstra hotels","isPartOf":{"@id":"https:\/\/www.dijkstrahotels.com\/#website"},"datePublished":"2023-03-31T14:13:13+00:00","breadcrumb":{"@id":"https:\/\/www.dijkstrahotels.com\/de\/ein-auschecken\/#breadcrumb"},"inLanguage":"de-DE","potentialAction":[{"@type":"ReadAction","target":["https:\/\/www.dijkstrahotels.com\/de\/ein-auschecken\/"]}]},{"@type":"BreadcrumbList","@id":"https:\/\/www.dijkstrahotels.com\/de\/ein-auschecken\/#breadcrumb","itemListElement":[{"@type":"ListItem","position":1,"name":"Home","item":"https:\/\/www.dijkstrahotels.com\/de\/"},{"@type":"ListItem","position":2,"name":"Ein\/ Auschecken"}]},{"@type":"WebSite","@id":"https:\/\/www.dijkstrahotels.com\/#website","url":"https:\/\/www.dijkstrahotels.com\/","name":"Dijkstra hotels","description":"Bijzondere kleinschalige hotels in Bergen","potentialAction":[{"@type":"SearchAction","target":{"@type":"EntryPoint","urlTemplate":"https:\/\/www.dijkstrahotels.com\/?s={search_term_string}"},"query-input":{"@type":"PropertyValueSpecification","valueRequired":true,"valueName":"search_term_string"}}],"inLanguage":"de-DE"}]}},"_links":{"self":[{"href":"https:\/\/www.dijkstrahotels.com\/de\/wp-json\/wp\/v2\/pages\/9447","targetHints":{"allow":["GET"]}}],"collection":[{"href":"https:\/\/www.dijkstrahotels.com\/de\/wp-json\/wp\/v2\/pages"}],"about":[{"href":"https:\/\/www.dijkstrahotels.com\/de\/wp-json\/wp\/v2\/types\/page"}],"author":[{"embeddable":true,"href":"https:\/\/www.dijkstrahotels.com\/de\/wp-json\/wp\/v2\/users\/2"}],"replies":[{"embeddable":true,"href":"https:\/\/www.dijkstrahotels.com\/de\/wp-json\/wp\/v2\/comments?post=9447"}],"version-history":[{"count":1,"href":"https:\/\/www.dijkstrahotels.com\/de\/wp-json\/wp\/v2\/pages\/9447\/revisions"}],"predecessor-version":[{"id":9448,"href":"https:\/\/www.dijkstrahotels.com\/de\/wp-json\/wp\/v2\/pages\/9447\/revisions\/9448"}],"wp:attachment":[{"href":"https:\/\/www.dijkstrahotels.com\/de\/wp-json\/wp\/v2\/media?parent=9447"}],"curies":[{"name":"wp","href":"https:\/\/api.w.org\/{rel}","templated":true}]}}