{"id":9128,"date":"2022-03-31T15:54:47","date_gmt":"2022-03-31T13:54:47","guid":{"rendered":"https:\/\/www.dijkstrahotels.com\/huisregels\/"},"modified":"2022-03-31T16:19:23","modified_gmt":"2022-03-31T14:19:23","slug":"hotelregeln","status":"publish","type":"page","link":"https:\/\/www.dijkstrahotels.com\/de\/hotelregeln\/","title":{"rendered":"Hotelregeln"},"content":{"rendered":"<div class=\"wpb-content-wrapper\"><p>[vc_row][vc_column][vc_column_text]<strong>Hotelregeln Dijkstra Hotels <\/strong><\/p>\n<p>In den nachstehenden Vorschriften finden Sie die wichtigsten Hausregeln, die in den Dijkstra Hotels zu Ihrer und unserer Sicherheit gelten. Wir bitten Sie, diese Regeln zu respektieren und zu akzeptieren. Allgemeine Regeln<br \/>\n\u25cf Alle Anweisungen der Mitarbeiter dieses Hotels in Bezug auf die Hausordnung m\u00fcssen befolgt werden. Beschwerden k\u00f6nnen der Gesch\u00e4ftsleitung gemeldet werden. Die Hotels besch\u00e4ftigen Menschen aus Fleisch und Blut, die mit Respekt behandelt werden m\u00fcssen, respektloses oder aggressives Verhalten wird nicht akzeptiert und Ihnen kann der Zutritt zum Hotel verweigert werden, w\u00e4hrend die Zahlungsverpflichtung in Kraft bleibt.<br \/>\n\u25cf Im Brandfall Ruhe bewahren. Melden Sie einen Brand an der Rezeption und\/oder bet\u00e4tigen Sie den n\u00e4chsten Feueralarm. Ber\u00fchren Sie die Brandmelder niemals selbst, dies kann zu einer Fehlfunktion oder Evakuierung f\u00fchren. Wenn Sie eine Fehlfunktion oder einen Feueralarm verursachen, berechnen wir eine Geldstrafe von 150 \u20ac und Ihnen kann der Zugang zum Hotel verweigert werden.<br \/>\n\u25cf Verlassen Sie bei einem allgemeinen Feueralarm sofort das Geb\u00e4ude.<br \/>\n\u25cf Benutzen Sie den Aufzug niemals im Brandfall.<br \/>\n\u25cf Es gibt Kameras an verschiedenen Stellen im Hotel, jeder, der sich in unserem Hotel aufh\u00e4lt, erkl\u00e4rt sich damit einverstanden, Aufnahmen zu machen. Bei Katastrophen und\/oder Zwischenf\u00e4llen k\u00f6nnen diese Aufzeichnungen den Beh\u00f6rden als Belegmaterial vorgelegt werden.<br \/>\n\u25cf Fundsachen m\u00fcssen an der Rezeption abgegeben werden.<br \/>\n<span class=\"Y2IQFc\" lang=\"de\">\u25cf Dijkstra Hotels haftet nicht f\u00fcr den Verlust oder Diebstahl Ihres Eigentums.<br \/>\n\u25cf Das Management, der Eigent\u00fcmer dieser Location und\/oder f\u00fcr das Hotel t\u00e4tige Personen k\u00f6nnen nicht f\u00fcr Verletzungen und\/oder materielle oder immaterielle Sch\u00e4den haftbar gemacht werden, die Besucher der Location erleiden k\u00f6nnten.<br \/>\n\u25cf Es ist nicht gestattet, Notausg\u00e4nge als normale Ein- und Ausg\u00e4nge zu benutzen, Hoteleigentum au\u00dferhalb des Geb\u00e4udes zu f\u00fchren. Wenn Eigentum der Dijkstra Hotels vors\u00e4tzlich besch\u00e4digt wird, kann man f\u00fcr die Reparatur- und\/oder Erneuerungskosten haftbar gemacht werden.<br \/>\n\u25cf Besch\u00e4digung, Verlust oder Zerst\u00f6rung von Eigentum des Hotels f\u00fchrt zur sofortigen Entfernung, Haftung und\/oder Anzeige bei der Polizei.<br \/>\n\u25cf Die Verwendung, der Handel oder Besitz von Bet\u00e4ubungsmitteln (in jeglicher Form) ist verboten. Bei Konsum und Handel mit Drogen zieht die Hotelleitung die Polizei hinzu und kann die Entfernung ohne R\u00fcckerstattung des Entgelts vornehmen.<br \/>\n\u25cf Zur Verwendung und\/oder Mitnahme von Lachgas w\u00e4hrend Ihres Besuchs in unserem Hotel werden mitgebrachte Lachgasflaschen und -kartuschen von uns beschlagnahmt und Sie erhalten diese nicht zur\u00fcck.<br \/>\n\u25cf Bel\u00e4stigung anderer Personen, beispielsweise durch laute Musik, anst\u00f6\u00dfiges Verhalten oder L\u00e4rm jeglicher Art.<br \/>\n\u25cf Es ist nicht gestattet, nicht angemeldete G\u00e4ste im Zimmer zu empfangen.<br \/>\n\u25cf Bleiben Sie mit mehr als der zul\u00e4ssigen Personenzahl im Raum.<br \/>\n\u25cf Der bezahlte Empfang von G\u00e4sten im Zimmer f\u00fcr sexuelle Aktivit\u00e4ten.<br \/>\n\u25cf Bestimmte Dekorationen wie Konfetti sind in den Hotelzimmern nicht gestattet. Fragen Sie an der Rezeption, ob Ihre Dekoration erlaubt ist. Dadurch entstehende zus\u00e4tzliche Reinigungskosten oder technische Defekte gehen zu Lasten des Gastes.<br \/>\n\u25cf Das Anz\u00fcnden von Kerzen\/Weihrauch in Verbindung mit Feueralarm und Brandgefahr ist absolut verboten. (Das Sicherheitssystem wird sofort aktiviert).<br \/>\n\u25cf Das Rauchen ist im Zimmer nicht gestattet. Wenn wir feststellen, dass im Zimmer geraucht wird, m\u00fcssen wir 100 \u20ac Reinigungskosten + eine zus\u00e4tzliche \u00dcbernachtung (gem\u00e4\u00df unserer eigenen Website) berechnen. Wenn der Feueralarm ausgel\u00f6st wird, weil im Zimmer geraucht wird, wird dies als falscher Feueralarm mit einer zus\u00e4tzlichen Geldstrafe von \u20ac 150,- gewertet. <\/span><\/p>\n<p><span class=\"Y2IQFc\" lang=\"de\">In allen F\u00e4llen, die nicht in diesem Reglement vorgesehen sind, entscheidet die Gesch\u00e4ftsleitung der Dijkstra Hotels<\/span>[\/vc_column_text][\/vc_column][\/vc_row]<\/p>\n<\/div>","protected":false},"excerpt":{"rendered":"<p>[vc_row][vc_column][vc_column_text]Hotelregeln Dijkstra Hotels In den nachstehenden Vorschriften finden Sie die wichtigsten Hausregeln, die in den Dijkstra Hotels zu Ihrer und unserer Sicherheit gelten. Wir bitten Sie, diese Regeln zu respektieren und zu akzeptieren. Allgemeine Regeln \u25cf Alle Anweisungen der Mitarbeiter dieses Hotels in Bezug auf die Hausordnung m\u00fcssen befolgt werden. Beschwerden k\u00f6nnen der Gesch\u00e4ftsleitung gemeldet&hellip;<\/p>\n","protected":false},"author":2,"featured_media":0,"parent":0,"menu_order":0,"comment_status":"closed","ping_status":"closed","template":"","meta":{"footnotes":""},"class_list":["post-9128","page","type-page","status-publish","hentry","description-off"],"yoast_head":"<!-- This site is optimized with the Yoast SEO plugin v27.4 - https:\/\/yoast.com\/product\/yoast-seo-wordpress\/ -->\n<title>Hotelregeln - Dijkstra hotels<\/title>\n<meta name=\"robots\" content=\"index, follow, max-snippet:-1, max-image-preview:large, max-video-preview:-1\" \/>\n<link rel=\"canonical\" href=\"https:\/\/www.dijkstrahotels.com\/de\/hotelregeln\/\" \/>\n<meta property=\"og:locale\" content=\"de_DE\" \/>\n<meta property=\"og:type\" content=\"article\" \/>\n<meta property=\"og:title\" content=\"Hotelregeln - Dijkstra hotels\" \/>\n<meta property=\"og:description\" content=\"[vc_row][vc_column][vc_column_text]Hotelregeln Dijkstra Hotels In den nachstehenden Vorschriften finden Sie die wichtigsten Hausregeln, die in den Dijkstra Hotels zu Ihrer und unserer Sicherheit gelten. Wir bitten Sie, diese Regeln zu respektieren und zu akzeptieren. Allgemeine Regeln \u25cf Alle Anweisungen der Mitarbeiter dieses Hotels in Bezug auf die Hausordnung m\u00fcssen befolgt werden. Beschwerden k\u00f6nnen der Gesch\u00e4ftsleitung gemeldet&hellip;\" \/>\n<meta property=\"og:url\" content=\"https:\/\/www.dijkstrahotels.com\/de\/hotelregeln\/\" \/>\n<meta property=\"og:site_name\" content=\"Dijkstra hotels\" \/>\n<meta property=\"article:modified_time\" content=\"2022-03-31T14:19:23+00:00\" \/>\n<meta name=\"twitter:card\" content=\"summary_large_image\" \/>\n<meta name=\"twitter:label1\" content=\"Gesch\u00e4tzte Lesezeit\" \/>\n\t<meta name=\"twitter:data1\" content=\"3 Minuten\" \/>\n<script type=\"application\/ld+json\" class=\"yoast-schema-graph\">{\"@context\":\"https:\\\/\\\/schema.org\",\"@graph\":[{\"@type\":\"WebPage\",\"@id\":\"https:\\\/\\\/www.dijkstrahotels.com\\\/de\\\/hotelregeln\\\/\",\"url\":\"https:\\\/\\\/www.dijkstrahotels.com\\\/de\\\/hotelregeln\\\/\",\"name\":\"Hotelregeln - Dijkstra hotels\",\"isPartOf\":{\"@id\":\"https:\\\/\\\/www.dijkstrahotels.com\\\/#website\"},\"datePublished\":\"2022-03-31T13:54:47+00:00\",\"dateModified\":\"2022-03-31T14:19:23+00:00\",\"breadcrumb\":{\"@id\":\"https:\\\/\\\/www.dijkstrahotels.com\\\/de\\\/hotelregeln\\\/#breadcrumb\"},\"inLanguage\":\"de-DE\",\"potentialAction\":[{\"@type\":\"ReadAction\",\"target\":[\"https:\\\/\\\/www.dijkstrahotels.com\\\/de\\\/hotelregeln\\\/\"]}]},{\"@type\":\"BreadcrumbList\",\"@id\":\"https:\\\/\\\/www.dijkstrahotels.com\\\/de\\\/hotelregeln\\\/#breadcrumb\",\"itemListElement\":[{\"@type\":\"ListItem\",\"position\":1,\"name\":\"Home\",\"item\":\"https:\\\/\\\/www.dijkstrahotels.com\\\/de\\\/\"},{\"@type\":\"ListItem\",\"position\":2,\"name\":\"Hotelregeln\"}]},{\"@type\":\"WebSite\",\"@id\":\"https:\\\/\\\/www.dijkstrahotels.com\\\/#website\",\"url\":\"https:\\\/\\\/www.dijkstrahotels.com\\\/\",\"name\":\"Dijkstra hotels\",\"description\":\"Bijzondere kleinschalige hotels in Bergen\",\"potentialAction\":[{\"@type\":\"SearchAction\",\"target\":{\"@type\":\"EntryPoint\",\"urlTemplate\":\"https:\\\/\\\/www.dijkstrahotels.com\\\/?s={search_term_string}\"},\"query-input\":{\"@type\":\"PropertyValueSpecification\",\"valueRequired\":true,\"valueName\":\"search_term_string\"}}],\"inLanguage\":\"de-DE\"}]}<\/script>\n<!-- \/ Yoast SEO plugin. -->","yoast_head_json":{"title":"Hotelregeln - Dijkstra hotels","robots":{"index":"index","follow":"follow","max-snippet":"max-snippet:-1","max-image-preview":"max-image-preview:large","max-video-preview":"max-video-preview:-1"},"canonical":"https:\/\/www.dijkstrahotels.com\/de\/hotelregeln\/","og_locale":"de_DE","og_type":"article","og_title":"Hotelregeln - Dijkstra hotels","og_description":"[vc_row][vc_column][vc_column_text]Hotelregeln Dijkstra Hotels In den nachstehenden Vorschriften finden Sie die wichtigsten Hausregeln, die in den Dijkstra Hotels zu Ihrer und unserer Sicherheit gelten. Wir bitten Sie, diese Regeln zu respektieren und zu akzeptieren. Allgemeine Regeln \u25cf Alle Anweisungen der Mitarbeiter dieses Hotels in Bezug auf die Hausordnung m\u00fcssen befolgt werden. Beschwerden k\u00f6nnen der Gesch\u00e4ftsleitung gemeldet&hellip;","og_url":"https:\/\/www.dijkstrahotels.com\/de\/hotelregeln\/","og_site_name":"Dijkstra hotels","article_modified_time":"2022-03-31T14:19:23+00:00","twitter_card":"summary_large_image","twitter_misc":{"Gesch\u00e4tzte Lesezeit":"3 Minuten"},"schema":{"@context":"https:\/\/schema.org","@graph":[{"@type":"WebPage","@id":"https:\/\/www.dijkstrahotels.com\/de\/hotelregeln\/","url":"https:\/\/www.dijkstrahotels.com\/de\/hotelregeln\/","name":"Hotelregeln - Dijkstra hotels","isPartOf":{"@id":"https:\/\/www.dijkstrahotels.com\/#website"},"datePublished":"2022-03-31T13:54:47+00:00","dateModified":"2022-03-31T14:19:23+00:00","breadcrumb":{"@id":"https:\/\/www.dijkstrahotels.com\/de\/hotelregeln\/#breadcrumb"},"inLanguage":"de-DE","potentialAction":[{"@type":"ReadAction","target":["https:\/\/www.dijkstrahotels.com\/de\/hotelregeln\/"]}]},{"@type":"BreadcrumbList","@id":"https:\/\/www.dijkstrahotels.com\/de\/hotelregeln\/#breadcrumb","itemListElement":[{"@type":"ListItem","position":1,"name":"Home","item":"https:\/\/www.dijkstrahotels.com\/de\/"},{"@type":"ListItem","position":2,"name":"Hotelregeln"}]},{"@type":"WebSite","@id":"https:\/\/www.dijkstrahotels.com\/#website","url":"https:\/\/www.dijkstrahotels.com\/","name":"Dijkstra hotels","description":"Bijzondere kleinschalige hotels in Bergen","potentialAction":[{"@type":"SearchAction","target":{"@type":"EntryPoint","urlTemplate":"https:\/\/www.dijkstrahotels.com\/?s={search_term_string}"},"query-input":{"@type":"PropertyValueSpecification","valueRequired":true,"valueName":"search_term_string"}}],"inLanguage":"de-DE"}]}},"_links":{"self":[{"href":"https:\/\/www.dijkstrahotels.com\/de\/wp-json\/wp\/v2\/pages\/9128","targetHints":{"allow":["GET"]}}],"collection":[{"href":"https:\/\/www.dijkstrahotels.com\/de\/wp-json\/wp\/v2\/pages"}],"about":[{"href":"https:\/\/www.dijkstrahotels.com\/de\/wp-json\/wp\/v2\/types\/page"}],"author":[{"embeddable":true,"href":"https:\/\/www.dijkstrahotels.com\/de\/wp-json\/wp\/v2\/users\/2"}],"replies":[{"embeddable":true,"href":"https:\/\/www.dijkstrahotels.com\/de\/wp-json\/wp\/v2\/comments?post=9128"}],"version-history":[{"count":2,"href":"https:\/\/www.dijkstrahotels.com\/de\/wp-json\/wp\/v2\/pages\/9128\/revisions"}],"predecessor-version":[{"id":9132,"href":"https:\/\/www.dijkstrahotels.com\/de\/wp-json\/wp\/v2\/pages\/9128\/revisions\/9132"}],"wp:attachment":[{"href":"https:\/\/www.dijkstrahotels.com\/de\/wp-json\/wp\/v2\/media?parent=9128"}],"curies":[{"name":"wp","href":"https:\/\/api.w.org\/{rel}","templated":true}]}}