{"id":9071,"date":"2021-01-17T22:14:09","date_gmt":"2021-01-17T21:14:09","guid":{"rendered":"https:\/\/www.dijkstrahotels.com\/restaurant-studlers\/"},"modified":"2026-04-06T11:44:00","modified_gmt":"2026-04-06T09:44:00","slug":"restaurant-studlers","status":"publish","type":"page","link":"https:\/\/www.dijkstrahotels.com\/de\/restaurant-studlers\/","title":{"rendered":"Restaurant Studlers"},"content":{"rendered":"<div class=\"wpb-content-wrapper\"><p>[vc_row][vc_column width=&#8220;1\/2&#8243;][vc_column_text css=&#8220;&#8220;]<\/p>\n<h2>STUDLERS | RESTAURANT<\/h2>\n<p><span class=\"Y2IQFc\" lang=\"de\">Das Restaurant Studlers verdankt seinen Namen einem sehr wohlhabenden Kaufmann aus dem 17. Jahrhundert. Das Restaurant Studlers liegt nun mitten im kleinen Privatreich dieses Kaufmanns, sagt Adliger Anthonis Studler van Zurck. Heute ist es unsere Mission, k\u00f6stliche Gerichte mitten in unserer eigenen Nachbarschaft zu servieren.<\/span><\/p>\n<p><span class=\"Y2IQFc\" lang=\"de\">Wir verwenden eine Mischung aus traditionellen Methoden und frischen Techniken. Liebe ist jedoch die wichtigste Zutat! Unser gem\u00fctliches Restaurant ist der perfekte Ort, um mit Freunden und Familie zu entspannen, Gerichte zu probieren \u2013 oder bei Ihren Favoriten zu bleiben \u2013 und unseren freundlichen Service zu genie\u00dfen. <\/span><\/p>\n<p><span class=\"Y2IQFc\" lang=\"de\">Gerne empfangen wir G\u00e4ste im Restaurant Studlers auf eine Tasse Kaffee, Mittagessen, einen Drink oder ein Abendessen. Raffinierte Gerichte finden Sie auf der regelm\u00e4\u00dfig wechselnden Speisekarte. Wir arbeiten so viel wie m\u00f6glich mit saisonalen und regionalen Produkten.<\/span><\/p>\n<p>&nbsp;<\/p>\n<p>[\/vc_column_text][\/vc_column][vc_column width=&#8220;1\/2&#8243;][vc_raw_html]JTNDc2NyaXB0JTIwc3JjJTNEJTIyaHR0cHMlM0ElMkYlMkZyb2J1dXN0LXByZDIud2ViLmFwcCUyRmFzc2V0cyUyRndpZGdldCUyRndpZGdldC1yb2J1dXN0LmpzJTIyJTIwcGlkJTNEJTIyNTUxNzc3Mjg5ODk3OTMxNiUyMiUzRSUzQyUyRnNjcmlwdCUzRQ==[\/vc_raw_html][\/vc_column][\/vc_row][vc_row][vc_column width=&#8220;1\/2&#8243;][vc_single_image image=&#8220;7870&#8243; img_size=&#8220;large&#8220;][\/vc_column][vc_column width=&#8220;1\/2&#8243;][vc_column_text css=&#8220;&#8220;]<\/p>\n<h2>FAMILIEDINER<\/h2>\n<p><span class=\"Y2IQFc\" lang=\"de\">Genie\u00dfen Sie mit der ganzen Familie im Restaurant Studlers. Bei sch\u00f6nem Wetter haben wir auf unserer sonnigen Terrasse einen sch\u00f6nen Tisch gedeckt. Bei schlechtem Wetter oder sp\u00e4terer Anreise wartet ein Tisch in unserem Restaurant auf Sie. M\u00f6chten Sie privat mit Ihrer Gruppe sitzen? Dann k\u00f6nnen Sie unsere &#8218;<em>Herenkamer<\/em>&#8218; nutzen. Gerne stellen wir f\u00fcr Ihre Begleitung ein leckeres 3- oder 4-G\u00e4nge-Men\u00fc zusammen und nat\u00fcrlich gibt es auch ein sch\u00f6nes Kindermen\u00fc. Kommen Sie gerne vorbei, damit wir mit Ihnen die M\u00f6glichkeiten f\u00fcr einen unvergesslichen Abend besprechen k\u00f6nnen.<\/span><\/p>\n<p>&nbsp;<\/p>\n<p><span class=\"Y2IQFc\" lang=\"de\">Reservierungen k\u00f6nnen \u00fcber info@dijkstrahotels.com vorgenommen werden. Sie m\u00f6chten das Abendessen mit einer wunderbaren \u00dcbernachtung in einem unserer Zimmer verbinden? Dann fragen Sie nach den M\u00f6glichkeiten.<\/span>[\/vc_column_text][\/vc_column][\/vc_row][vc_row][vc_column][vc_column_text]<\/p>\n<div class=\"section-title narrow centered text-center\">\n<p>[\/vc_column_text][\/vc_column][\/vc_row][vc_row][vc_column width=&#8220;1\/4&#8243;]<div class=\"ult-spacer spacer-69e17c66d9b13\" data-id=\"69e17c66d9b13\" data-height=\"10\" data-height-mobile=\"10\" data-height-tab=\"10\" data-height-tab-portrait=\"\" data-height-mobile-landscape=\"\" style=\"clear:both;display:block;\"><\/div>[\/vc_column][vc_column width=&#8220;1\/4&#8243;][vc_btn title=&#8220;Diner&#8220; style=&#8220;outline&#8220; color=&#8220;primary&#8220; size=&#8220;lg&#8220; align=&#8220;center&#8220; css=&#8220;&#8220; link=&#8220;url:https%3A%2F%2Fwww.dijkstrahotels.com%2F250311-menukaart-duits%2F|title:https%3A%2F%2Fwww.dijkstrahotels.com%2F250311-menukaart-duits%2F&#8220;][\/vc_column][vc_column width=&#8220;1\/4&#8243;][vc_btn title=&#8220;Lunch&#8220; style=&#8220;outline&#8220; color=&#8220;primary&#8220; size=&#8220;lg&#8220; align=&#8220;center&#8220; css=&#8220;&#8220; link=&#8220;url:https%3A%2F%2Fwww.dijkstrahotels.com%2Fwp-content%2Fuploads%2F250225-Duits-Lunchkaart-1.pdf|title:https%3A%2F%2Fwww.dijkstrahotels.com%2Fwp-content%2Fuploads%2F250225-Duits-Lunchkaart-1.pdf&#8220;][\/vc_column][vc_column width=&#8220;1\/4&#8243;]<div class=\"ult-spacer spacer-69e17c66d9b3d\" data-id=\"69e17c66d9b3d\" data-height=\"10\" data-height-mobile=\"10\" data-height-tab=\"10\" data-height-tab-portrait=\"\" data-height-mobile-landscape=\"\" style=\"clear:both;display:block;\"><\/div>[\/vc_column][\/vc_row][vc_row][vc_column][vc_empty_space height=&#8220;48px&#8220;][vc_column_text]<\/p>\n<p>&nbsp;<\/p>\n<\/div>\n<h2 style=\"text-align: center;\">PROEF DE SFEER<\/h2>\n<p>[\/vc_column_text][vc_media_grid element_width=&#8220;3&#8243; gap=&#8220;4&#8243; grid_id=&#8220;vc_gid:1775468618559-697a4b50-2dfb-1&#8243; include=&#8220;7714,7708,7723,7738,7735,7744,7747,7717&#8243;][\/vc_column][\/vc_row][vc_row][vc_column][vc_empty_space][\/vc_column][\/vc_row][vc_row][vc_column][vc_column_text]<\/p>\n<p>[\/vc_column_text][vc_separator color=&#8220;chino&#8220;][\/vc_column][\/vc_row][vc_row][vc_column width=&#8220;1\/3&#8243;][vc_column_text]<\/p>\n<h4 style=\"text-align: center;\">CONTACT<\/h4>\n<p style=\"text-align: center;\">Restaurant Studlers<\/p>\n<p style=\"text-align: center;\">Breelaan 26, Bergen (nh)<\/p>\n<p style=\"text-align: center;\">+31(0)72 5813012 |\u00a0 info@dijkstrahotels.com<\/p>\n<p>[\/vc_column_text][vc_column_text]<\/p>\n<p>[\/vc_column_text][\/vc_column][vc_column width=&#8220;1\/3&#8243;][vc_column_text]<\/p>\n<h4 style=\"text-align: center;\">STAY IN TOUCH<\/h4>\n<p>[\/vc_column_text][vc_separator el_width=&#8220;40&#8243;]<style type=\"text\/css\" data-type=\"the7_shortcodes-inline-css\">.dt-shortcode-soc-icons.soc-icons-6d3d70cdad80c3022dac88b2b035272f a {\n  margin-right: 4px;\n}\n.dt-shortcode-soc-icons a.soc-icons-6d3d70cdad80c3022dac88b2b035272f {\n  margin-right: 4px;\n}\n.dt-shortcode-soc-icons a.soc-icons-6d3d70cdad80c3022dac88b2b035272f:last-child {\n  margin-right: 0;\n}\n.dt-shortcode-soc-icons a.soc-icons-6d3d70cdad80c3022dac88b2b035272f:before,\n.dt-shortcode-soc-icons a.soc-icons-6d3d70cdad80c3022dac88b2b035272f:after {\n  padding: inherit;\n}\n.dt-shortcode-soc-icons a.soc-icons-6d3d70cdad80c3022dac88b2b035272f.dt-icon-border-on:before {\n  border:  solid ;\n}\n.dt-shortcode-soc-icons a.soc-icons-6d3d70cdad80c3022dac88b2b035272f.dt-icon-hover-border-on:after {\n  border:  solid ;\n}\n<\/style><div class=\"dt-shortcode-soc-icons  soc-icons-6d3d70cdad80c3022dac88b2b035272f soc-icons-center \" ><style type=\"text\/css\" data-type=\"the7_shortcodes-inline-css\">.dt-shortcode-soc-icons a.single-soc-icon-ccedd3e21c06e27dc5195f87c55387f5 {\n  min-width: 26px;\n  min-height: 26px;\n  font-size: 16px;\n  border-radius: 100px;\n}\n.dt-shortcode-soc-icons a.single-soc-icon-ccedd3e21c06e27dc5195f87c55387f5:last-child {\n  margin-right: 0;\n}\n.dt-shortcode-soc-icons a.single-soc-icon-ccedd3e21c06e27dc5195f87c55387f5:before,\n.dt-shortcode-soc-icons a.single-soc-icon-ccedd3e21c06e27dc5195f87c55387f5:after {\n  min-width: 26px;\n  min-height: 26px;\n  padding: inherit;\n}\n.dt-shortcode-soc-icons a.single-soc-icon-ccedd3e21c06e27dc5195f87c55387f5.dt-icon-border-on:before {\n  border: 0px solid ;\n}\n.dt-shortcode-soc-icons a.single-soc-icon-ccedd3e21c06e27dc5195f87c55387f5.dt-icon-hover-border-on:after {\n  border: 0px solid ;\n}\n.dt-shortcode-soc-icons a.single-soc-icon-ccedd3e21c06e27dc5195f87c55387f5:hover {\n  font-size: 16px;\n}\n#page .dt-shortcode-soc-icons a.single-soc-icon-ccedd3e21c06e27dc5195f87c55387f5:hover .soc-font-icon,\n#phantom .dt-shortcode-soc-icons a.single-soc-icon-ccedd3e21c06e27dc5195f87c55387f5:hover .soc-font-icon,\n#page .dt-shortcode-soc-icons a.single-soc-icon-ccedd3e21c06e27dc5195f87c55387f5:hover .soc-icon,\n#phantom .dt-shortcode-soc-icons a.single-soc-icon-ccedd3e21c06e27dc5195f87c55387f5:hover .soc-icon {\n  color: rgba(255,255,255,0.75);\n  background: none;\n}\n#page .dt-shortcode-soc-icons a.single-soc-icon-ccedd3e21c06e27dc5195f87c55387f5:not(:hover) .soc-font-icon,\n#phantom .dt-shortcode-soc-icons a.single-soc-icon-ccedd3e21c06e27dc5195f87c55387f5:not(:hover) .soc-font-icon,\n#page .dt-shortcode-soc-icons a.single-soc-icon-ccedd3e21c06e27dc5195f87c55387f5:not(:hover) .soc-icon,\n#phantom .dt-shortcode-soc-icons a.single-soc-icon-ccedd3e21c06e27dc5195f87c55387f5:not(:hover) .soc-icon {\n  color: #ffffff;\n  background: none;\n}\n.dt-shortcode-soc-icons a.single-soc-icon-ccedd3e21c06e27dc5195f87c55387f5 .soc-font-icon,\n.dt-shortcode-soc-icons a.single-soc-icon-ccedd3e21c06e27dc5195f87c55387f5 .soc-icon {\n  font-size: 16px;\n}\n<\/style><a title=\"Facebook\" href=\"https:\/\/www.instagram.com\/dijkstrahotels\/\" class=\"facebook single-soc-icon-ccedd3e21c06e27dc5195f87c55387f5 dt-icon-bg-on dt-icon-border-on dt-icon-hover-border-on dt-icon-hover-bg-on  \" ><i class=\"soc-icon soc-font-icon dt-icon-facebook\"><\/i><span class=\"screen-reader-text\">Facebook<\/span><\/a><style type=\"text\/css\" data-type=\"the7_shortcodes-inline-css\">.dt-shortcode-soc-icons a.single-soc-icon-a13ec1500c455b9517707d7a62d3c8c3 {\n  min-width: 26px;\n  min-height: 26px;\n  font-size: 16px;\n  border-radius: 100px;\n}\n.dt-shortcode-soc-icons a.single-soc-icon-a13ec1500c455b9517707d7a62d3c8c3:last-child {\n  margin-right: 0;\n}\n.dt-shortcode-soc-icons a.single-soc-icon-a13ec1500c455b9517707d7a62d3c8c3:before,\n.dt-shortcode-soc-icons a.single-soc-icon-a13ec1500c455b9517707d7a62d3c8c3:after {\n  min-width: 26px;\n  min-height: 26px;\n  padding: inherit;\n}\n.dt-shortcode-soc-icons a.single-soc-icon-a13ec1500c455b9517707d7a62d3c8c3.dt-icon-border-on:before {\n  border: 0px solid ;\n}\n.dt-shortcode-soc-icons a.single-soc-icon-a13ec1500c455b9517707d7a62d3c8c3.dt-icon-hover-border-on:after {\n  border: 0px solid ;\n}\n.dt-shortcode-soc-icons a.single-soc-icon-a13ec1500c455b9517707d7a62d3c8c3:hover {\n  font-size: 16px;\n}\n#page .dt-shortcode-soc-icons a.single-soc-icon-a13ec1500c455b9517707d7a62d3c8c3:hover .soc-font-icon,\n#phantom .dt-shortcode-soc-icons a.single-soc-icon-a13ec1500c455b9517707d7a62d3c8c3:hover .soc-font-icon,\n#page .dt-shortcode-soc-icons a.single-soc-icon-a13ec1500c455b9517707d7a62d3c8c3:hover .soc-icon,\n#phantom .dt-shortcode-soc-icons a.single-soc-icon-a13ec1500c455b9517707d7a62d3c8c3:hover .soc-icon {\n  color: rgba(255,255,255,0.75);\n  background: none;\n}\n#page .dt-shortcode-soc-icons a.single-soc-icon-a13ec1500c455b9517707d7a62d3c8c3:not(:hover) .soc-font-icon,\n#phantom .dt-shortcode-soc-icons a.single-soc-icon-a13ec1500c455b9517707d7a62d3c8c3:not(:hover) .soc-font-icon,\n#page .dt-shortcode-soc-icons a.single-soc-icon-a13ec1500c455b9517707d7a62d3c8c3:not(:hover) .soc-icon,\n#phantom .dt-shortcode-soc-icons a.single-soc-icon-a13ec1500c455b9517707d7a62d3c8c3:not(:hover) .soc-icon {\n  color: #ffffff;\n  background: none;\n}\n.dt-shortcode-soc-icons a.single-soc-icon-a13ec1500c455b9517707d7a62d3c8c3 .soc-font-icon,\n.dt-shortcode-soc-icons a.single-soc-icon-a13ec1500c455b9517707d7a62d3c8c3 .soc-icon {\n  font-size: 16px;\n}\n<\/style><a title=\"Instagram\" href=\"https:\/\/www.instagram.com\/dijkstrahotels\/\" class=\"instagram single-soc-icon-a13ec1500c455b9517707d7a62d3c8c3 dt-icon-bg-on dt-icon-border-on dt-icon-hover-border-on dt-icon-hover-bg-on  \" ><i class=\"soc-icon soc-font-icon dt-icon-instagram\"><\/i><span class=\"screen-reader-text\">Instagram<\/span><\/a><style type=\"text\/css\" data-type=\"the7_shortcodes-inline-css\">.dt-shortcode-soc-icons a.single-soc-icon-8ea7ee62716e7154cd65800e65a2e7a2 {\n  min-width: 26px;\n  min-height: 26px;\n  font-size: 16px;\n  border-radius: 100px;\n}\n.dt-shortcode-soc-icons a.single-soc-icon-8ea7ee62716e7154cd65800e65a2e7a2:last-child {\n  margin-right: 0;\n}\n.dt-shortcode-soc-icons a.single-soc-icon-8ea7ee62716e7154cd65800e65a2e7a2:before,\n.dt-shortcode-soc-icons a.single-soc-icon-8ea7ee62716e7154cd65800e65a2e7a2:after {\n  min-width: 26px;\n  min-height: 26px;\n  padding: inherit;\n}\n.dt-shortcode-soc-icons a.single-soc-icon-8ea7ee62716e7154cd65800e65a2e7a2.dt-icon-border-on:before {\n  border: 0px solid ;\n}\n.dt-shortcode-soc-icons a.single-soc-icon-8ea7ee62716e7154cd65800e65a2e7a2.dt-icon-hover-border-on:after {\n  border: 0px solid ;\n}\n.dt-shortcode-soc-icons a.single-soc-icon-8ea7ee62716e7154cd65800e65a2e7a2:hover {\n  font-size: 16px;\n}\n#page .dt-shortcode-soc-icons a.single-soc-icon-8ea7ee62716e7154cd65800e65a2e7a2:hover .soc-font-icon,\n#phantom .dt-shortcode-soc-icons a.single-soc-icon-8ea7ee62716e7154cd65800e65a2e7a2:hover .soc-font-icon,\n#page .dt-shortcode-soc-icons a.single-soc-icon-8ea7ee62716e7154cd65800e65a2e7a2:hover .soc-icon,\n#phantom .dt-shortcode-soc-icons a.single-soc-icon-8ea7ee62716e7154cd65800e65a2e7a2:hover .soc-icon {\n  color: rgba(255,255,255,0.75);\n  background: none;\n}\n#page .dt-shortcode-soc-icons a.single-soc-icon-8ea7ee62716e7154cd65800e65a2e7a2:not(:hover) .soc-font-icon,\n#phantom .dt-shortcode-soc-icons a.single-soc-icon-8ea7ee62716e7154cd65800e65a2e7a2:not(:hover) .soc-font-icon,\n#page .dt-shortcode-soc-icons a.single-soc-icon-8ea7ee62716e7154cd65800e65a2e7a2:not(:hover) .soc-icon,\n#phantom .dt-shortcode-soc-icons a.single-soc-icon-8ea7ee62716e7154cd65800e65a2e7a2:not(:hover) .soc-icon {\n  color: #ffffff;\n  background: none;\n}\n.dt-shortcode-soc-icons a.single-soc-icon-8ea7ee62716e7154cd65800e65a2e7a2 .soc-font-icon,\n.dt-shortcode-soc-icons a.single-soc-icon-8ea7ee62716e7154cd65800e65a2e7a2 .soc-icon {\n  font-size: 16px;\n}\n<\/style><a title=\"Pinterest\" href=\"https:\/\/www.instagram.com\/dijkstrahotels\/\" class=\"pinterest single-soc-icon-8ea7ee62716e7154cd65800e65a2e7a2 dt-icon-bg-on dt-icon-border-on dt-icon-hover-border-on dt-icon-hover-bg-on  \" ><i class=\"soc-icon soc-font-icon dt-icon-pinterest\"><\/i><span class=\"screen-reader-text\">Pinterest<\/span><\/a><\/div>[\/vc_column][vc_column width=&#8220;1\/3&#8243;][vc_column_text]<\/p>\n<h3 style=\"text-align: center;\"><span style=\"color: #808080;\">Instagram<\/span><\/h3>\n<p style=\"text-align: center;\"><span style=\"color: #999999;\">VOLG ONS OP INSTAGRAM.COM\/<\/span><span style=\"color: #999999;\">DIJKSTRAHOTELS\/<\/span><\/p>\n<p>[\/vc_column_text][\/vc_column][\/vc_row][vc_row][vc_column][vc_column_text]<\/p>\n<p>[\/vc_column_text][vc_separator color=&#8220;chino&#8220;][\/vc_column][\/vc_row][vc_column][\/vc_column][vc_column][\/vc_column]<\/p>\n<\/div>","protected":false},"excerpt":{"rendered":"<p>[vc_row][vc_column width=&#8220;1\/2&#8243;][vc_column_text css=&#8220;&#8220;] STUDLERS | RESTAURANT Das Restaurant Studlers verdankt seinen Namen einem sehr wohlhabenden Kaufmann aus dem 17. Jahrhundert. Das Restaurant Studlers liegt nun mitten im kleinen Privatreich dieses Kaufmanns, sagt Adliger Anthonis Studler van Zurck. Heute ist es unsere Mission, k\u00f6stliche Gerichte mitten in unserer eigenen Nachbarschaft zu servieren. Wir verwenden eine Mischung&hellip;<\/p>\n","protected":false},"author":2,"featured_media":0,"parent":0,"menu_order":0,"comment_status":"closed","ping_status":"closed","template":"","meta":{"footnotes":""},"class_list":["post-9071","page","type-page","status-publish","hentry","description-off"],"yoast_head":"<!-- This site is optimized with the Yoast SEO plugin v27.1.1 - https:\/\/yoast.com\/product\/yoast-seo-wordpress\/ -->\n<title>Studlers serveert verrukkelijke gerechten in onze eigen buurt.<\/title>\n<meta name=\"description\" content=\"Ons gezellige restaurant is de perfecte plek om te relaxen met vrienden en familie, om gerechten uit te proberen en te genieten van onze vriendelijke service.\" \/>\n<meta name=\"robots\" content=\"index, follow, max-snippet:-1, max-image-preview:large, max-video-preview:-1\" \/>\n<link rel=\"canonical\" href=\"https:\/\/www.dijkstrahotels.com\/de\/restaurant-studlers\/\" \/>\n<meta property=\"og:locale\" content=\"de_DE\" \/>\n<meta property=\"og:type\" content=\"article\" \/>\n<meta property=\"og:title\" content=\"Studlers serveert verrukkelijke gerechten in onze eigen buurt.\" \/>\n<meta property=\"og:description\" content=\"Ons gezellige restaurant is de perfecte plek om te relaxen met vrienden en familie, om gerechten uit te proberen en te genieten van onze vriendelijke service.\" \/>\n<meta property=\"og:url\" content=\"https:\/\/www.dijkstrahotels.com\/de\/restaurant-studlers\/\" \/>\n<meta property=\"og:site_name\" content=\"Dijkstra hotels\" \/>\n<meta property=\"article:modified_time\" content=\"2026-04-06T09:44:00+00:00\" \/>\n<meta name=\"twitter:card\" content=\"summary_large_image\" \/>\n<meta name=\"twitter:label1\" content=\"Gesch\u00e4tzte Lesezeit\" \/>\n\t<meta name=\"twitter:data1\" content=\"2 Minuten\" \/>\n<script type=\"application\/ld+json\" class=\"yoast-schema-graph\">{\"@context\":\"https:\/\/schema.org\",\"@graph\":[{\"@type\":\"WebPage\",\"@id\":\"https:\/\/www.dijkstrahotels.com\/de\/restaurant-studlers\/\",\"url\":\"https:\/\/www.dijkstrahotels.com\/de\/restaurant-studlers\/\",\"name\":\"Studlers serveert verrukkelijke gerechten in onze eigen buurt.\",\"isPartOf\":{\"@id\":\"https:\/\/www.dijkstrahotels.com\/#website\"},\"datePublished\":\"2021-01-17T21:14:09+00:00\",\"dateModified\":\"2026-04-06T09:44:00+00:00\",\"description\":\"Ons gezellige restaurant is de perfecte plek om te relaxen met vrienden en familie, om gerechten uit te proberen en te genieten van onze vriendelijke service.\",\"breadcrumb\":{\"@id\":\"https:\/\/www.dijkstrahotels.com\/de\/restaurant-studlers\/#breadcrumb\"},\"inLanguage\":\"de-DE\",\"potentialAction\":[{\"@type\":\"ReadAction\",\"target\":[\"https:\/\/www.dijkstrahotels.com\/de\/restaurant-studlers\/\"]}]},{\"@type\":\"BreadcrumbList\",\"@id\":\"https:\/\/www.dijkstrahotels.com\/de\/restaurant-studlers\/#breadcrumb\",\"itemListElement\":[{\"@type\":\"ListItem\",\"position\":1,\"name\":\"Home\",\"item\":\"https:\/\/www.dijkstrahotels.com\/de\/\"},{\"@type\":\"ListItem\",\"position\":2,\"name\":\"Restaurant Studlers\"}]},{\"@type\":\"WebSite\",\"@id\":\"https:\/\/www.dijkstrahotels.com\/#website\",\"url\":\"https:\/\/www.dijkstrahotels.com\/\",\"name\":\"Dijkstra hotels\",\"description\":\"Bijzondere kleinschalige hotels in Bergen\",\"potentialAction\":[{\"@type\":\"SearchAction\",\"target\":{\"@type\":\"EntryPoint\",\"urlTemplate\":\"https:\/\/www.dijkstrahotels.com\/?s={search_term_string}\"},\"query-input\":{\"@type\":\"PropertyValueSpecification\",\"valueRequired\":true,\"valueName\":\"search_term_string\"}}],\"inLanguage\":\"de-DE\"}]}<\/script>\n<!-- \/ Yoast SEO plugin. -->","yoast_head_json":{"title":"Studlers serveert verrukkelijke gerechten in onze eigen buurt.","description":"Ons gezellige restaurant is de perfecte plek om te relaxen met vrienden en familie, om gerechten uit te proberen en te genieten van onze vriendelijke service.","robots":{"index":"index","follow":"follow","max-snippet":"max-snippet:-1","max-image-preview":"max-image-preview:large","max-video-preview":"max-video-preview:-1"},"canonical":"https:\/\/www.dijkstrahotels.com\/de\/restaurant-studlers\/","og_locale":"de_DE","og_type":"article","og_title":"Studlers serveert verrukkelijke gerechten in onze eigen buurt.","og_description":"Ons gezellige restaurant is de perfecte plek om te relaxen met vrienden en familie, om gerechten uit te proberen en te genieten van onze vriendelijke service.","og_url":"https:\/\/www.dijkstrahotels.com\/de\/restaurant-studlers\/","og_site_name":"Dijkstra hotels","article_modified_time":"2026-04-06T09:44:00+00:00","twitter_card":"summary_large_image","twitter_misc":{"Gesch\u00e4tzte Lesezeit":"2 Minuten"},"schema":{"@context":"https:\/\/schema.org","@graph":[{"@type":"WebPage","@id":"https:\/\/www.dijkstrahotels.com\/de\/restaurant-studlers\/","url":"https:\/\/www.dijkstrahotels.com\/de\/restaurant-studlers\/","name":"Studlers serveert verrukkelijke gerechten in onze eigen buurt.","isPartOf":{"@id":"https:\/\/www.dijkstrahotels.com\/#website"},"datePublished":"2021-01-17T21:14:09+00:00","dateModified":"2026-04-06T09:44:00+00:00","description":"Ons gezellige restaurant is de perfecte plek om te relaxen met vrienden en familie, om gerechten uit te proberen en te genieten van onze vriendelijke service.","breadcrumb":{"@id":"https:\/\/www.dijkstrahotels.com\/de\/restaurant-studlers\/#breadcrumb"},"inLanguage":"de-DE","potentialAction":[{"@type":"ReadAction","target":["https:\/\/www.dijkstrahotels.com\/de\/restaurant-studlers\/"]}]},{"@type":"BreadcrumbList","@id":"https:\/\/www.dijkstrahotels.com\/de\/restaurant-studlers\/#breadcrumb","itemListElement":[{"@type":"ListItem","position":1,"name":"Home","item":"https:\/\/www.dijkstrahotels.com\/de\/"},{"@type":"ListItem","position":2,"name":"Restaurant Studlers"}]},{"@type":"WebSite","@id":"https:\/\/www.dijkstrahotels.com\/#website","url":"https:\/\/www.dijkstrahotels.com\/","name":"Dijkstra hotels","description":"Bijzondere kleinschalige hotels in Bergen","potentialAction":[{"@type":"SearchAction","target":{"@type":"EntryPoint","urlTemplate":"https:\/\/www.dijkstrahotels.com\/?s={search_term_string}"},"query-input":{"@type":"PropertyValueSpecification","valueRequired":true,"valueName":"search_term_string"}}],"inLanguage":"de-DE"}]}},"_links":{"self":[{"href":"https:\/\/www.dijkstrahotels.com\/de\/wp-json\/wp\/v2\/pages\/9071","targetHints":{"allow":["GET"]}}],"collection":[{"href":"https:\/\/www.dijkstrahotels.com\/de\/wp-json\/wp\/v2\/pages"}],"about":[{"href":"https:\/\/www.dijkstrahotels.com\/de\/wp-json\/wp\/v2\/types\/page"}],"author":[{"embeddable":true,"href":"https:\/\/www.dijkstrahotels.com\/de\/wp-json\/wp\/v2\/users\/2"}],"replies":[{"embeddable":true,"href":"https:\/\/www.dijkstrahotels.com\/de\/wp-json\/wp\/v2\/comments?post=9071"}],"version-history":[{"count":24,"href":"https:\/\/www.dijkstrahotels.com\/de\/wp-json\/wp\/v2\/pages\/9071\/revisions"}],"predecessor-version":[{"id":10831,"href":"https:\/\/www.dijkstrahotels.com\/de\/wp-json\/wp\/v2\/pages\/9071\/revisions\/10831"}],"wp:attachment":[{"href":"https:\/\/www.dijkstrahotels.com\/de\/wp-json\/wp\/v2\/media?parent=9071"}],"curies":[{"name":"wp","href":"https:\/\/api.w.org\/{rel}","templated":true}]}}