{"id":9059,"date":"2021-01-17T20:35:16","date_gmt":"2021-01-17T19:35:16","guid":{"rendered":"https:\/\/www.dijkstrahotels.com\/vergaderen\/"},"modified":"2022-04-05T11:14:59","modified_gmt":"2022-04-05T09:14:59","slug":"meeting","status":"publish","type":"page","link":"https:\/\/www.dijkstrahotels.com\/de\/meeting\/","title":{"rendered":"Meeting"},"content":{"rendered":"<div class=\"wpb-content-wrapper\"><p>[vc_row][vc_column width=&#8220;1\/2&#8243;][vc_column_text]<\/p>\n<h3>M E E T I N G<\/h3>\n<p><span class=\"Y2IQFc\" lang=\"de\">Meetings direkt im Zentrum von Bergen (Nh). Wir halten f\u00fcr Sie unsere Herrenstube bereit, die Platz f\u00fcr 6 bis 20 Personen bietet. Der Konferenzraum ist mit allen modernen Annehmlichkeiten ausgestattet; LCD-Bildschirm, WLAN, Flipchart und ausreichend Tageslicht. Mittagessen, Pausen, Getr\u00e4nke und evtl. Abendessen werden in unserem Restaurant Studlers angeboten.<\/span>[\/vc_column_text][\/vc_column][vc_column width=&#8220;1\/2&#8243;][vc_column_text]<\/p>\n<h3>\u00dc B E R N A C H T U N G<\/h3>\n<p><span class=\"Y2IQFc\" lang=\"de\">Verbinden Sie Ihr Meeting mit einer \u00dcbernachtung in einem unserer Zimmer oder Suiten. Die Zimmer sind rustikal, l\u00e4ssig und einladend. Sie verf\u00fcgen \u00fcber einen attraktiven Sitz- und Schlafbereich. Eine gute Nachtruhe ist garantiert. Am Morgen bieten wir ein k\u00f6stliches reichhaltiges Fr\u00fchst\u00fcck im Restaurant.<\/span><\/p>\n<p><span class=\"Y2IQFc\" lang=\"de\">F\u00fcr weitere Informationen \u00fcber die Verf\u00fcgbarkeit von Zimmern wenden Sie sich bitte an info@dijkstrahotels.com.<\/span>[\/vc_column_text][\/vc_column][\/vc_row][vc_row][vc_column][vc_empty_space][\/vc_column][\/vc_row][vc_row][vc_column width=&#8220;1\/2&#8243;][vc_column_text]<\/p>\n<h4>M E E T I N G &#8211; P A K E T<\/h4>\n<p>Das Paket beinhaltet:<\/p>\n<p>o Raummiete auf Wunsch mit Breakout Space<\/p>\n<p>o Technologie | WLAN | 47-Zoll-LCD-Bildschirm | Flipchart<\/p>\n<p>o Unbegrenzt Kaffee, Tee und Quellwasser von Chaufontaine<\/p>\n<p>o <span class=\"Y2IQFc\" lang=\"de\">Kuchen und s\u00fc\u00dfe Leckereien<\/span><\/p>\n<p>o <span class=\"Y2IQFc\" lang=\"de\">Mittagessen in unserem Restaurant<\/span><\/p>\n<p>o Frucht<\/p>\n<p>o Gesunde Nachmittagspause<\/p>\n<p>&nbsp;<\/p>\n<h4><strong>Tagesteill \u20ac 25,00 p.P. | Ganzen Tag \u20ac 55,00 p.P.\u00a0<\/strong><\/h4>\n<p><em>*Preise gelten ab 6 Personen<\/em>[\/vc_column_text][\/vc_column][vc_column width=&#8220;1\/2&#8243;][vc_media_grid element_width=&#8220;3&#8243; gap=&#8220;20&#8243; grid_id=&#8220;vc_gid:1649149662372-f053c1ca-4f08-8&#8243; include=&#8220;8169,8165,8150,8138,8147,8156,7723,7699,7951,7865,7025,7747&#8243;][\/vc_column][\/vc_row][vc_row][vc_column][vc_empty_space height=&#8220;16px&#8220;][\/vc_column][\/vc_row][vc_row][\/vc_row][vc_column][\/vc_column]<\/p>\n<\/div>","protected":false},"excerpt":{"rendered":"<p>[vc_row][vc_column width=&#8220;1\/2&#8243;][vc_column_text] M E E T I N G Meetings direkt im Zentrum von Bergen (Nh). Wir halten f\u00fcr Sie unsere Herrenstube bereit, die Platz f\u00fcr 6 bis 20 Personen bietet. Der Konferenzraum ist mit allen modernen Annehmlichkeiten ausgestattet; LCD-Bildschirm, WLAN, Flipchart und ausreichend Tageslicht. Mittagessen, Pausen, Getr\u00e4nke und evtl. Abendessen werden in unserem Restaurant&hellip;<\/p>\n","protected":false},"author":2,"featured_media":0,"parent":0,"menu_order":2,"comment_status":"closed","ping_status":"closed","template":"","meta":{"footnotes":""},"class_list":["post-9059","page","type-page","status-publish","hentry","description-off"],"yoast_head":"<!-- This site is optimized with the Yoast SEO plugin v27.4 - https:\/\/yoast.com\/product\/yoast-seo-wordpress\/ -->\n<title>Meeting - Dijkstra hotels<\/title>\n<meta name=\"description\" content=\"Reserveer nu onze Herenkamer. Hier kun je in een ongedwongen en persoonlijke sfeer prettig en productief vergaderen.\" \/>\n<meta name=\"robots\" content=\"index, follow, max-snippet:-1, max-image-preview:large, max-video-preview:-1\" \/>\n<link rel=\"canonical\" href=\"https:\/\/www.dijkstrahotels.com\/de\/meeting\/\" \/>\n<meta property=\"og:locale\" content=\"de_DE\" \/>\n<meta property=\"og:type\" content=\"article\" \/>\n<meta property=\"og:title\" content=\"Meeting - Dijkstra hotels\" \/>\n<meta property=\"og:description\" content=\"Reserveer nu onze Herenkamer. Hier kun je in een ongedwongen en persoonlijke sfeer prettig en productief vergaderen.\" \/>\n<meta property=\"og:url\" content=\"https:\/\/www.dijkstrahotels.com\/de\/meeting\/\" \/>\n<meta property=\"og:site_name\" content=\"Dijkstra hotels\" \/>\n<meta property=\"article:modified_time\" content=\"2022-04-05T09:14:59+00:00\" \/>\n<meta name=\"twitter:card\" content=\"summary_large_image\" \/>\n<meta name=\"twitter:label1\" content=\"Gesch\u00e4tzte Lesezeit\" \/>\n\t<meta name=\"twitter:data1\" content=\"2 Minuten\" \/>\n<script type=\"application\/ld+json\" class=\"yoast-schema-graph\">{\"@context\":\"https:\\\/\\\/schema.org\",\"@graph\":[{\"@type\":\"WebPage\",\"@id\":\"https:\\\/\\\/www.dijkstrahotels.com\\\/de\\\/meeting\\\/\",\"url\":\"https:\\\/\\\/www.dijkstrahotels.com\\\/de\\\/meeting\\\/\",\"name\":\"Meeting - Dijkstra hotels\",\"isPartOf\":{\"@id\":\"https:\\\/\\\/www.dijkstrahotels.com\\\/#website\"},\"datePublished\":\"2021-01-17T19:35:16+00:00\",\"dateModified\":\"2022-04-05T09:14:59+00:00\",\"description\":\"Reserveer nu onze Herenkamer. Hier kun je in een ongedwongen en persoonlijke sfeer prettig en productief vergaderen.\",\"breadcrumb\":{\"@id\":\"https:\\\/\\\/www.dijkstrahotels.com\\\/de\\\/meeting\\\/#breadcrumb\"},\"inLanguage\":\"de-DE\",\"potentialAction\":[{\"@type\":\"ReadAction\",\"target\":[\"https:\\\/\\\/www.dijkstrahotels.com\\\/de\\\/meeting\\\/\"]}]},{\"@type\":\"BreadcrumbList\",\"@id\":\"https:\\\/\\\/www.dijkstrahotels.com\\\/de\\\/meeting\\\/#breadcrumb\",\"itemListElement\":[{\"@type\":\"ListItem\",\"position\":1,\"name\":\"Home\",\"item\":\"https:\\\/\\\/www.dijkstrahotels.com\\\/de\\\/\"},{\"@type\":\"ListItem\",\"position\":2,\"name\":\"Meeting\"}]},{\"@type\":\"WebSite\",\"@id\":\"https:\\\/\\\/www.dijkstrahotels.com\\\/#website\",\"url\":\"https:\\\/\\\/www.dijkstrahotels.com\\\/\",\"name\":\"Dijkstra hotels\",\"description\":\"Bijzondere kleinschalige hotels in Bergen\",\"potentialAction\":[{\"@type\":\"SearchAction\",\"target\":{\"@type\":\"EntryPoint\",\"urlTemplate\":\"https:\\\/\\\/www.dijkstrahotels.com\\\/?s={search_term_string}\"},\"query-input\":{\"@type\":\"PropertyValueSpecification\",\"valueRequired\":true,\"valueName\":\"search_term_string\"}}],\"inLanguage\":\"de-DE\"}]}<\/script>\n<!-- \/ Yoast SEO plugin. -->","yoast_head_json":{"title":"Meeting - Dijkstra hotels","description":"Reserveer nu onze Herenkamer. Hier kun je in een ongedwongen en persoonlijke sfeer prettig en productief vergaderen.","robots":{"index":"index","follow":"follow","max-snippet":"max-snippet:-1","max-image-preview":"max-image-preview:large","max-video-preview":"max-video-preview:-1"},"canonical":"https:\/\/www.dijkstrahotels.com\/de\/meeting\/","og_locale":"de_DE","og_type":"article","og_title":"Meeting - Dijkstra hotels","og_description":"Reserveer nu onze Herenkamer. Hier kun je in een ongedwongen en persoonlijke sfeer prettig en productief vergaderen.","og_url":"https:\/\/www.dijkstrahotels.com\/de\/meeting\/","og_site_name":"Dijkstra hotels","article_modified_time":"2022-04-05T09:14:59+00:00","twitter_card":"summary_large_image","twitter_misc":{"Gesch\u00e4tzte Lesezeit":"2 Minuten"},"schema":{"@context":"https:\/\/schema.org","@graph":[{"@type":"WebPage","@id":"https:\/\/www.dijkstrahotels.com\/de\/meeting\/","url":"https:\/\/www.dijkstrahotels.com\/de\/meeting\/","name":"Meeting - Dijkstra hotels","isPartOf":{"@id":"https:\/\/www.dijkstrahotels.com\/#website"},"datePublished":"2021-01-17T19:35:16+00:00","dateModified":"2022-04-05T09:14:59+00:00","description":"Reserveer nu onze Herenkamer. Hier kun je in een ongedwongen en persoonlijke sfeer prettig en productief vergaderen.","breadcrumb":{"@id":"https:\/\/www.dijkstrahotels.com\/de\/meeting\/#breadcrumb"},"inLanguage":"de-DE","potentialAction":[{"@type":"ReadAction","target":["https:\/\/www.dijkstrahotels.com\/de\/meeting\/"]}]},{"@type":"BreadcrumbList","@id":"https:\/\/www.dijkstrahotels.com\/de\/meeting\/#breadcrumb","itemListElement":[{"@type":"ListItem","position":1,"name":"Home","item":"https:\/\/www.dijkstrahotels.com\/de\/"},{"@type":"ListItem","position":2,"name":"Meeting"}]},{"@type":"WebSite","@id":"https:\/\/www.dijkstrahotels.com\/#website","url":"https:\/\/www.dijkstrahotels.com\/","name":"Dijkstra hotels","description":"Bijzondere kleinschalige hotels in Bergen","potentialAction":[{"@type":"SearchAction","target":{"@type":"EntryPoint","urlTemplate":"https:\/\/www.dijkstrahotels.com\/?s={search_term_string}"},"query-input":{"@type":"PropertyValueSpecification","valueRequired":true,"valueName":"search_term_string"}}],"inLanguage":"de-DE"}]}},"_links":{"self":[{"href":"https:\/\/www.dijkstrahotels.com\/de\/wp-json\/wp\/v2\/pages\/9059","targetHints":{"allow":["GET"]}}],"collection":[{"href":"https:\/\/www.dijkstrahotels.com\/de\/wp-json\/wp\/v2\/pages"}],"about":[{"href":"https:\/\/www.dijkstrahotels.com\/de\/wp-json\/wp\/v2\/types\/page"}],"author":[{"embeddable":true,"href":"https:\/\/www.dijkstrahotels.com\/de\/wp-json\/wp\/v2\/users\/2"}],"replies":[{"embeddable":true,"href":"https:\/\/www.dijkstrahotels.com\/de\/wp-json\/wp\/v2\/comments?post=9059"}],"version-history":[{"count":4,"href":"https:\/\/www.dijkstrahotels.com\/de\/wp-json\/wp\/v2\/pages\/9059\/revisions"}],"predecessor-version":[{"id":9183,"href":"https:\/\/www.dijkstrahotels.com\/de\/wp-json\/wp\/v2\/pages\/9059\/revisions\/9183"}],"wp:attachment":[{"href":"https:\/\/www.dijkstrahotels.com\/de\/wp-json\/wp\/v2\/media?parent=9059"}],"curies":[{"name":"wp","href":"https:\/\/api.w.org\/{rel}","templated":true}]}}