{"id":7309,"date":"2021-01-13T18:15:47","date_gmt":"2021-01-13T17:15:47","guid":{"rendered":"https:\/\/www.dijkstrahotels.com\/?page_id=7309"},"modified":"2024-11-24T12:34:07","modified_gmt":"2024-11-24T11:34:07","slug":"parken","status":"publish","type":"page","link":"https:\/\/www.dijkstrahotels.com\/de\/parken\/","title":{"rendered":"Parken"},"content":{"rendered":"<div class=\"wpb-content-wrapper\"><p>[vc_row][vc_column][vc_column_text css=&#8220;&#8220;]<\/p>\n<div class=\"QmZWSe\">\n<div class=\"DHcWmd\">\n<div id=\"tw-target\">\n<div id=\"kAz1tf\" class=\"g9WsWb\">\n<div id=\"tw-target-text-container\" class=\"tw-ta-container hide-focus-ring tw-nfl\" tabindex=\"0\">\n<p>Im gesamten Zentrum von Bergen kann man das ganze Jahr \u00fcber zwischen 10:00 und 19:00 Uhr <strong>geb\u00fchrenpflichtig parken<\/strong>. Der Tarif betr\u00e4gt 2,20 \u20ac pro Stunde, maximal 13,20 \u20ac pro Tag.<\/p>\n<p>Hier gibt es 4 verschiedene Zonen:<\/p>\n<p>Zone A (Haupteinkaufsstra\u00dfen) 10:00 &#8211; 19:00 Uhr max. 1,5 Stunden<\/p>\n<p>Zone B 10:00 &#8211; 19:00 Uhr unbegrenzt<\/p>\n<p>Zone D 10:00 &#8211; 19:00 Uhr Erlaubnisinhaber<\/p>\n<p>Zone E 10:00 &#8211; 19:00 Uhr Inhaber eines Parkausweises oder mit Parkscheibe max. 1,5 Stunden<\/p>\n<p>In den Hotels erhalten Sie einen <strong>Parkausweis<\/strong> f\u00fcr 9,50 \u20ac p.N., der von 14:00 Uhr am Anreisetag bis 14:00 Uhr am Abreisetag g\u00fcltig ist (bei einem Aufenthalt von 1 Nacht zahlen Sie nur einmal 9,50 \u20ac). Diese Genehmigungen sind digital und wir ben\u00f6tigen Ihr Autokennzeichen, und Sie m\u00fcssen sie wegen der begrenzten Verf\u00fcgbarkeit im Voraus buchen. Die Genehmigungen gelten f\u00fcr die Zonen B, D und E, und wir halten beim Einchecken eine \u00dcbersichtskarte f\u00fcr Sie bereit (Sie k\u00f6nnen in der Vijverlaan gegen\u00fcber unserem Hotel oder auf dem Parkplatz des AH-Supermarktes um die Ecke parken).<\/p>\n<p>Es gibt <strong>4 private Parkpl\u00e4tze<\/strong> vor der T\u00fcr, auf 2 der Parkpl\u00e4tze ist es m\u00f6glich, ein Elektroauto aufzuladen, die Kosten f\u00fcr diese Pl\u00e4tze, ob Sie das Auto aufladen oder nicht, sind \u20ac25,- p.n. die Kosten f\u00fcr die anderen 2 Parkpl\u00e4tze sind \u20ac15,- p.n. Sie erhalten eine elektrische Fernbedienung, f\u00fcr die wir eine Kaution von \u20ac20,- verlangen. Diese Parkpl\u00e4tze sind f\u00fcr Autos mit einer maximalen L\u00e4nge von 4,7 Metern (Volvo XC60).<\/p>\n<p>Das <strong>Hotel Joli<\/strong> verf\u00fcgt \u00fcber 18 Privatparkpl\u00e4tze, die im Voraus f\u00fcr 12,50 \u20ac pro Person reserviert werden k\u00f6nnen. Sie haben dann Ihren eigenen Parkplatz vor oder hinter dem Hotel. Hier gibt es auch 2 Parkpl\u00e4tze mit Ladem\u00f6glichkeit. Wenn Sie Ihr Auto aufladen m\u00f6chten, zahlen Sie 19,50 \u20ac p.N. einschlie\u00dflich des Parkplatzes.<\/p>\n<p><strong>Kostenloses Parken<\/strong> ist au\u00dferhalb des Zentrums auf dem Parkplatz des Restaurants Duinvermaak (Breelaan 132) m\u00f6glich, +\/-10 Minuten zu Fu\u00df vom Hotel Breeburg\/Heerlijkheid\/Renenpark und +\/- 15 Minuten zu Fu\u00df vom Hotel Joli. F\u00fcr die Bewohner unseres sch\u00f6nen Dorfes sind wir gebeten worden, Ihnen nicht zu raten, in den Wohngebieten zu parken, aber das ist nicht verboten. Hier ist ein <a href=\"https:\/\/bergen.parkeerservice.nl\/assets\/Bergen\/Plattegrond-Betaald_parkeren_Bergen_2019-1.pdf\" target=\"_blank\" rel=\"noopener\">Link<\/a> zu der nicht sehr \u00fcbersichtlichen Karte der Parkzonen der Gemeinde Mons.<\/p>\n<p>Es gibt auch eine Reihe von Parkh\u00e4usern und Privatpersonen, die Parkpl\u00e4tze vermieten, allerdings auf eigene Initiative.<\/p>\n<p>Ausnahmen:<\/p>\n<ul>\n<li><a href=\"https:\/\/bergen.parkeerservice.nl\/parkeren-op-straat\/gehandicaptenparkeren\/\" target=\"_blank\" rel=\"noopener\">Behindertenparkpl\u00e4tze<\/a><\/li>\n<li><a href=\"https:\/\/bergen.parkeerservice.nl\/parkeren-op-straat\/elektrische-oplaadpunten\/\" target=\"_blank\" rel=\"noopener\">Elektrische Ladestationen<\/a><\/li>\n<li><a href=\"https:\/\/bergen.parkeerservice.nl\/parkeren-op-straat\/belparkeren\/\" target=\"_blank\" rel=\"noopener\">Mobiles Parken<\/a><\/li>\n<li><a href=\"https:\/\/bergen.parkeerservice.nl\/\" target=\"_blank\" rel=\"noopener\">Bergens Parkpolitik<\/a><\/li>\n<\/ul>\n<\/div>\n<\/div>\n<\/div>\n<\/div>\n<\/div>\n<p>[\/vc_column_text][\/vc_column][\/vc_row]<\/p>\n<\/div>","protected":false},"excerpt":{"rendered":"<p>[vc_row][vc_column][vc_column_text css=&#8220;&#8220;] Im gesamten Zentrum von Bergen kann man das ganze Jahr \u00fcber zwischen 10:00 und 19:00 Uhr geb\u00fchrenpflichtig parken. Der Tarif betr\u00e4gt 2,20 \u20ac pro Stunde, maximal 13,20 \u20ac pro Tag. Hier gibt es 4 verschiedene Zonen: Zone A (Haupteinkaufsstra\u00dfen) 10:00 &#8211; 19:00 Uhr max. 1,5 Stunden Zone B 10:00 &#8211; 19:00 Uhr unbegrenzt&hellip;<\/p>\n","protected":false},"author":2,"featured_media":0,"parent":0,"menu_order":0,"comment_status":"closed","ping_status":"closed","template":"","meta":{"footnotes":""},"class_list":["post-7309","page","type-page","status-publish","hentry","description-off"],"yoast_head":"<!-- This site is optimized with the Yoast SEO plugin v27.1.1 - https:\/\/yoast.com\/product\/yoast-seo-wordpress\/ -->\n<title>Parken - Dijkstra hotels<\/title>\n<meta name=\"description\" content=\"Het Chambres d&#039;h\u00f4tes heeft ruime kamers. Les Trois Comtes is gelegen in departement Gard. Op de grens van het natuurgebied de Cevennen. Nabij Uz\u00e8s en Nimes.\" \/>\n<meta name=\"robots\" content=\"index, follow, max-snippet:-1, max-image-preview:large, max-video-preview:-1\" \/>\n<link rel=\"canonical\" href=\"https:\/\/www.dijkstrahotels.com\/de\/parken\/\" \/>\n<meta property=\"og:locale\" content=\"de_DE\" \/>\n<meta property=\"og:type\" content=\"article\" \/>\n<meta property=\"og:title\" content=\"Parken - Dijkstra hotels\" \/>\n<meta property=\"og:description\" content=\"Het Chambres d&#039;h\u00f4tes heeft ruime kamers. Les Trois Comtes is gelegen in departement Gard. Op de grens van het natuurgebied de Cevennen. Nabij Uz\u00e8s en Nimes.\" \/>\n<meta property=\"og:url\" content=\"https:\/\/www.dijkstrahotels.com\/de\/parken\/\" \/>\n<meta property=\"og:site_name\" content=\"Dijkstra hotels\" \/>\n<meta property=\"article:modified_time\" content=\"2024-11-24T11:34:07+00:00\" \/>\n<meta name=\"twitter:card\" content=\"summary_large_image\" \/>\n<meta name=\"twitter:label1\" content=\"Gesch\u00e4tzte Lesezeit\" \/>\n\t<meta name=\"twitter:data1\" content=\"2 Minuten\" \/>\n<script type=\"application\/ld+json\" class=\"yoast-schema-graph\">{\"@context\":\"https:\/\/schema.org\",\"@graph\":[{\"@type\":\"WebPage\",\"@id\":\"https:\/\/www.dijkstrahotels.com\/de\/parken\/\",\"url\":\"https:\/\/www.dijkstrahotels.com\/de\/parken\/\",\"name\":\"Parken - Dijkstra hotels\",\"isPartOf\":{\"@id\":\"https:\/\/www.dijkstrahotels.com\/#website\"},\"datePublished\":\"2021-01-13T17:15:47+00:00\",\"dateModified\":\"2024-11-24T11:34:07+00:00\",\"description\":\"Het Chambres d'h\u00f4tes heeft ruime kamers. Les Trois Comtes is gelegen in departement Gard. Op de grens van het natuurgebied de Cevennen. Nabij Uz\u00e8s en Nimes.\",\"breadcrumb\":{\"@id\":\"https:\/\/www.dijkstrahotels.com\/de\/parken\/#breadcrumb\"},\"inLanguage\":\"de-DE\",\"potentialAction\":[{\"@type\":\"ReadAction\",\"target\":[\"https:\/\/www.dijkstrahotels.com\/de\/parken\/\"]}]},{\"@type\":\"BreadcrumbList\",\"@id\":\"https:\/\/www.dijkstrahotels.com\/de\/parken\/#breadcrumb\",\"itemListElement\":[{\"@type\":\"ListItem\",\"position\":1,\"name\":\"Home\",\"item\":\"https:\/\/www.dijkstrahotels.com\/de\/\"},{\"@type\":\"ListItem\",\"position\":2,\"name\":\"Parken\"}]},{\"@type\":\"WebSite\",\"@id\":\"https:\/\/www.dijkstrahotels.com\/#website\",\"url\":\"https:\/\/www.dijkstrahotels.com\/\",\"name\":\"Dijkstra hotels\",\"description\":\"Bijzondere kleinschalige hotels in Bergen\",\"potentialAction\":[{\"@type\":\"SearchAction\",\"target\":{\"@type\":\"EntryPoint\",\"urlTemplate\":\"https:\/\/www.dijkstrahotels.com\/?s={search_term_string}\"},\"query-input\":{\"@type\":\"PropertyValueSpecification\",\"valueRequired\":true,\"valueName\":\"search_term_string\"}}],\"inLanguage\":\"de-DE\"}]}<\/script>\n<!-- \/ Yoast SEO plugin. -->","yoast_head_json":{"title":"Parken - Dijkstra hotels","description":"Het Chambres d'h\u00f4tes heeft ruime kamers. Les Trois Comtes is gelegen in departement Gard. Op de grens van het natuurgebied de Cevennen. Nabij Uz\u00e8s en Nimes.","robots":{"index":"index","follow":"follow","max-snippet":"max-snippet:-1","max-image-preview":"max-image-preview:large","max-video-preview":"max-video-preview:-1"},"canonical":"https:\/\/www.dijkstrahotels.com\/de\/parken\/","og_locale":"de_DE","og_type":"article","og_title":"Parken - Dijkstra hotels","og_description":"Het Chambres d'h\u00f4tes heeft ruime kamers. Les Trois Comtes is gelegen in departement Gard. Op de grens van het natuurgebied de Cevennen. Nabij Uz\u00e8s en Nimes.","og_url":"https:\/\/www.dijkstrahotels.com\/de\/parken\/","og_site_name":"Dijkstra hotels","article_modified_time":"2024-11-24T11:34:07+00:00","twitter_card":"summary_large_image","twitter_misc":{"Gesch\u00e4tzte Lesezeit":"2 Minuten"},"schema":{"@context":"https:\/\/schema.org","@graph":[{"@type":"WebPage","@id":"https:\/\/www.dijkstrahotels.com\/de\/parken\/","url":"https:\/\/www.dijkstrahotels.com\/de\/parken\/","name":"Parken - Dijkstra hotels","isPartOf":{"@id":"https:\/\/www.dijkstrahotels.com\/#website"},"datePublished":"2021-01-13T17:15:47+00:00","dateModified":"2024-11-24T11:34:07+00:00","description":"Het Chambres d'h\u00f4tes heeft ruime kamers. Les Trois Comtes is gelegen in departement Gard. Op de grens van het natuurgebied de Cevennen. Nabij Uz\u00e8s en Nimes.","breadcrumb":{"@id":"https:\/\/www.dijkstrahotels.com\/de\/parken\/#breadcrumb"},"inLanguage":"de-DE","potentialAction":[{"@type":"ReadAction","target":["https:\/\/www.dijkstrahotels.com\/de\/parken\/"]}]},{"@type":"BreadcrumbList","@id":"https:\/\/www.dijkstrahotels.com\/de\/parken\/#breadcrumb","itemListElement":[{"@type":"ListItem","position":1,"name":"Home","item":"https:\/\/www.dijkstrahotels.com\/de\/"},{"@type":"ListItem","position":2,"name":"Parken"}]},{"@type":"WebSite","@id":"https:\/\/www.dijkstrahotels.com\/#website","url":"https:\/\/www.dijkstrahotels.com\/","name":"Dijkstra hotels","description":"Bijzondere kleinschalige hotels in Bergen","potentialAction":[{"@type":"SearchAction","target":{"@type":"EntryPoint","urlTemplate":"https:\/\/www.dijkstrahotels.com\/?s={search_term_string}"},"query-input":{"@type":"PropertyValueSpecification","valueRequired":true,"valueName":"search_term_string"}}],"inLanguage":"de-DE"}]}},"_links":{"self":[{"href":"https:\/\/www.dijkstrahotels.com\/de\/wp-json\/wp\/v2\/pages\/7309","targetHints":{"allow":["GET"]}}],"collection":[{"href":"https:\/\/www.dijkstrahotels.com\/de\/wp-json\/wp\/v2\/pages"}],"about":[{"href":"https:\/\/www.dijkstrahotels.com\/de\/wp-json\/wp\/v2\/types\/page"}],"author":[{"embeddable":true,"href":"https:\/\/www.dijkstrahotels.com\/de\/wp-json\/wp\/v2\/users\/2"}],"replies":[{"embeddable":true,"href":"https:\/\/www.dijkstrahotels.com\/de\/wp-json\/wp\/v2\/comments?post=7309"}],"version-history":[{"count":7,"href":"https:\/\/www.dijkstrahotels.com\/de\/wp-json\/wp\/v2\/pages\/7309\/revisions"}],"predecessor-version":[{"id":9792,"href":"https:\/\/www.dijkstrahotels.com\/de\/wp-json\/wp\/v2\/pages\/7309\/revisions\/9792"}],"wp:attachment":[{"href":"https:\/\/www.dijkstrahotels.com\/de\/wp-json\/wp\/v2\/media?parent=7309"}],"curies":[{"name":"wp","href":"https:\/\/api.w.org\/{rel}","templated":true}]}}