{"id":582,"date":"2016-03-25T14:07:40","date_gmt":"2016-03-25T13:07:40","guid":{"rendered":"https:\/\/www.dijkstrahotels.com\/de\/trouwen-zuid-frankrijk\/"},"modified":"2023-04-03T11:24:01","modified_gmt":"2023-04-03T09:24:01","slug":"untdeck-bergen","status":"publish","type":"page","link":"https:\/\/www.dijkstrahotels.com\/de\/untdeck-bergen\/","title":{"rendered":"Bergen (NH)"},"content":{"rendered":"<div class=\"wpb-content-wrapper\"><p>[vc_row][vc_column width=&#8220;1\/3&#8243;][vc_row_inner][vc_column_inner]<div class=\"dt-fancy-separator title-left h3-size style-disabled accent-title-color\" style=\"width: 100%;\"><div class=\"dt-fancy-title\"><span class=\"separator-holder separator-left\"><\/span>Museum Kranenburgh<span class=\"separator-holder separator-right\"><\/span><\/div><\/div>[vc_empty_space height=&#8220;10&#8243;][vc_single_image image=&#8220;7136&#8243; img_size=&#8220;900&#215;600&#8243; add_caption=&#8220;yes&#8220;][vc_empty_space height=&#8220;10&#8243;][vc_column_text]Ein Besuch im Museum Kranenburgh ist ein Besuch im K\u00fcnstlerdorf Bergen. Wenn Sie das Museum verlassen und ins Dorf oder in den Wald gehen, werden Sie verstehen, warum sich vor 100 Jahren so viele K\u00fcnstler hier niedergelassen haben. Das englische Gr\u00fcn, das Meereslicht und die N\u00e4he zu wundersch\u00f6nen D\u00fcnen und Str\u00e4nden inspirierten Maler, Dichter, Komponisten und Fotografen[\/vc_column_text][\/vc_column_inner][\/vc_row_inner][\/vc_column][vc_column width=&#8220;1\/3&#8243;][vc_row_inner][vc_column_inner]<div class=\"dt-fancy-separator title-left h3-size style-disabled accent-title-color\" style=\"width: 100%;\"><div class=\"dt-fancy-title\"><span class=\"separator-holder separator-left\"><\/span>Fahrradverleih<span class=\"separator-holder separator-right\"><\/span><\/div><\/div>[vc_empty_space height=&#8220;10&#8243;][vc_single_image image=&#8220;7613&#8243; img_size=&#8220;900&#215;600&#8243; add_caption=&#8220;yes&#8220;][vc_empty_space height=&#8220;10&#8243;][vc_column_text]Bergen und Umgebung ist der ideale Ort zum Radfahren!<\/p>\n<p>Radeln Sie durch den Wald in Richtung der D\u00fcnen von Bergen aan Zee und Schoorl. Oder gehen Sie durch die Wiesenlandschaft und besuchen Sie die K\u00e4sestadt Alkmaar.<\/p>\n<p>Mit unseren komfortablen Leihfahrr\u00e4dern mit 3 G\u00e4ngen k\u00f6nnen Sie f\u00fcr 11,50 \u20ac pro Tag Rad fahren. Nat\u00fcrlich k\u00f6nnen Sie Ihr eigenes Fahrrad im sicheren Fahrraddepot aufbewahren. Das Fahrraddepot ist mit einer Fahrradpumpe und einem kleinen Fahrradreparaturset ausgestattet.<\/p>\n<p>Elektrische oder Spezialfahrr\u00e4den k\u00f6nnen Sie mitten bei <a href=\"https:\/\/bonbonbike0001.cyclerent.com\/dhg\/DE\" target=\"_blank\" rel=\"noopener\">Bonbon Bike<\/a> (in der nehe von Hotel)[\/vc_column_text][\/vc_column_inner][\/vc_row_inner][\/vc_column][vc_column width=&#8220;1\/3&#8243;][vc_row_inner][vc_column_inner]<div class=\"dt-fancy-separator title-left h3-size style-disabled accent-title-color\" style=\"width: 100%;\"><div class=\"dt-fancy-title\"><span class=\"separator-holder separator-left\"><\/span>Besuchen Sie die Ruine Kirche<span class=\"separator-holder separator-right\"><\/span><\/div><\/div>[vc_empty_space height=&#8220;10&#8243;][vc_single_image image=&#8220;7625&#8243; img_size=&#8220;900 x 600&#8243; add_caption=&#8220;yes&#8220;][vc_empty_space height=&#8220;10&#8243;][vc_column_text]<\/p>\n<div class=\"page\" title=\"Page 1\">\n<div class=\"layoutArea\">\n<div class=\"column\">\n<div class=\"page\" title=\"Page 1\">\n<div class=\"layoutArea\">\n<div class=\"column\">\n<p>Die Ruine Kirche ist eine Kirche aus dem 15. Jahrhundert in der Raadhuisstraat im gesch\u00e4ftigen Zentrum von Bergen und bietet viele M\u00f6glichkeiten f\u00fcr einen angenehmen Ausflug mit Freunden und Familie. Die Ruinenkirche liegt weniger als 500 m von unseren Hotels entfernt. Im Sommer gibt es viele Aktivit\u00e4ten rund um die Ruine Kirche. Es gibt nat\u00fcrlich den Samstagsmarkt, Food-Events und die ber\u00fchmten Kunstm\u00e4rkte. Die Restaurants im Dorf freuen sich, Sie vor oder nach einem Besuch in der Ruine Kirche begr\u00fc\u00dfen zu d\u00fcrfen<\/p>\n<p><em>\u00a0<\/em><\/p>\n<\/div>\n<\/div>\n<\/div>\n<\/div>\n<\/div>\n<\/div>\n<p>[\/vc_column_text][\/vc_column_inner][\/vc_row_inner][\/vc_column][\/vc_row][vc_row margin_top=&#8220;32&#8243;][vc_column width=&#8220;1\/3&#8243;][vc_row_inner][vc_column_inner]<div class=\"dt-fancy-separator title-left h3-size style-disabled accent-title-color\" style=\"width: 100%;\"><div class=\"dt-fancy-title\"><span class=\"separator-holder separator-left\"><\/span>Spaziergang durch die D\u00fcnen<span class=\"separator-holder separator-right\"><\/span><\/div><\/div>[vc_empty_space height=&#8220;10&#8243;][vc_single_image image=&#8220;7619&#8243; img_size=&#8220;900 x 600&#8243; add_caption=&#8220;yes&#8220;][vc_empty_space height=&#8220;10&#8243;][vc_column_text]<\/p>\n<div class=\"page\" title=\"Page 1\">\n<div class=\"layoutArea\">\n<div class=\"column\">\n<div class=\"page\" title=\"Page 1\">\n<div class=\"layoutArea\">\n<div class=\"column\">\n<div class=\"wpb_text_column wpb_content_element vc_custom_1487255792595\">\n<div class=\"wpb_wrapper\">\n<p>Bergen \/ Schoorl und Umgebung sind ein Paradies f\u00fcr Wanderer. Es hat unter anderem seine h\u00f6chsten und breitesten D\u00fcnen in den Niederlanden. Es gibt nur wenige Orte in den Niederlanden, an denen so viele verschiedene Landschaften zusammenkommen. Sie k\u00f6nnen hier in D\u00fcnen, W\u00e4ldern, Heiden, entlang von Festungen und vielem mehr spazieren gehen. Eine bekannte Wanderroute ist die Duinheide in Schoorl. (lila Route von 11 km).<\/p>\n<p><strong>Unser Tipp:<\/strong> Nehmen Sie die 51 m hohe Kletterd\u00fcne mitten im Dorf Schoorl. Garantierter Spa\u00df f\u00fcr Kinder.<\/p>\n<\/div>\n<\/div>\n<\/div>\n<\/div>\n<\/div>\n<\/div>\n<\/div>\n<\/div>\n<p>[\/vc_column_text][\/vc_column_inner][\/vc_row_inner][\/vc_column][vc_column width=&#8220;1\/3&#8243;][vc_row_inner][vc_column_inner]<div class=\"dt-fancy-separator title-left h3-size style-disabled accent-title-color\" style=\"width: 100%;\"><div class=\"dt-fancy-title\"><span class=\"separator-holder separator-left\"><\/span>Dampfzug von Hoorn<span class=\"separator-holder separator-right\"><\/span><\/div><\/div>[vc_empty_space height=&#8220;10&#8243;][vc_single_image image=&#8220;4975&#8243; img_size=&#8220;900 x 600&#8243; add_caption=&#8220;yes&#8220;][vc_empty_space height=&#8220;10&#8243;][vc_column_text]<\/p>\n<div class=\"page\" title=\"Page 1\">\n<div class=\"layoutArea\">\n<div class=\"column\">\n<div class=\"page\" title=\"Page 1\">\n<div class=\"layoutArea\">\n<div class=\"column\">\n<div class=\"page\" title=\"Page 2\">\n<div class=\"layoutArea\">\n<div class=\"column\">\n<p>Eine abenteuerliche Reise durch eine andere Zeit beginnt\u2026 Genie\u00dfen Sie das Abenteuer und reisen Sie mit diesem historischen Dampfzug. Der Dampfzug f\u00e4hrt zwischen Hoorn-Medemblik-Enkhuizen. Sie k\u00f6nnen diesen Dampfzug auch in Kombination mit buchen eine Fahrt auf dem Ijsselmeer in einem historischen Boot. Am stimmungsvollen Bahnhof reisen Sie 100 Jahre in die Vergangenheit. Schauen Sie sich die Signalbox und die Werkstatt an. Fragen Sie nach der Packungsbeilage.<\/p>\n<p>&nbsp;<\/p>\n<\/div>\n<\/div>\n<\/div>\n<\/div>\n<\/div>\n<\/div>\n<\/div>\n<\/div>\n<\/div>\n<p>[\/vc_column_text][\/vc_column_inner][\/vc_row_inner][\/vc_column][vc_column width=&#8220;1\/3&#8243;][vc_row_inner][vc_column_inner]<div class=\"dt-fancy-separator title-left h3-size style-disabled accent-title-color\" style=\"width: 100%;\"><div class=\"dt-fancy-title\"><span class=\"separator-holder separator-left\"><\/span>Bergen aan Zee | Noordzee<span class=\"separator-holder separator-right\"><\/span><\/div><\/div>[vc_empty_space height=&#8220;10&#8243;][vc_single_image image=&#8220;7126&#8243; img_size=&#8220;900 x 600&#8243; add_caption=&#8220;yes&#8220;][vc_empty_space height=&#8220;10&#8243;][vc_column_text]Wenn Sie nach einem unber\u00fchrten Strand suchen, werden Sie an einem der wundersch\u00f6nen Sandstr\u00e4nde von Bergen am Meer, nicht mehr als 5 km entfernt, mit Sicherheit das finden, wonach Sie suchen. Tags\u00fcber sitzen Sie mit den F\u00fc\u00dfen im Sand, entspannen sich und faulenzen, genie\u00dfen den Sand und das Meer. Wir nennen es hier barfu\u00df schick. Abends k\u00f6nnen Sie mit Meerblick speisen. Der K\u00fcchenchef bereitet seine Gerichte mit authentischen Produkten vor, haupts\u00e4chlich aus der Region. Nat\u00fcrlich kommt der Fisch direkt aus der eigenen Nordsee!<\/p>\n<p><strong>Unser Tipp:<\/strong> Hemingway&#8217;s Beach Club, Reserve ist notwendig[\/vc_column_text][\/vc_column_inner][\/vc_row_inner][\/vc_column][\/vc_row][vc_row margin_top=&#8220;32&#8243;][vc_column width=&#8220;1\/3&#8243;][vc_row_inner][vc_column_inner]<div class=\"dt-fancy-separator title-left h3-size style-disabled accent-title-color\" style=\"width: 100%;\"><div class=\"dt-fancy-title\"><span class=\"separator-holder separator-left\"><\/span>K\u00e4semarkt Alkmaar<span class=\"separator-holder separator-right\"><\/span><\/div><\/div>[vc_empty_space height=&#8220;10&#8243;][vc_single_image image=&#8220;7607&#8243; img_size=&#8220;900 x 600&#8243; add_caption=&#8220;yes&#8220;][vc_empty_space height=&#8220;10&#8243;][vc_column_text]Tausende Besucher aus aller Welt kommen speziell f\u00fcr den K\u00e4semarkt nach Alkmaar.<\/p>\n<p>Es ist daher ein Spektakel mit einem Platz voller K\u00e4se und K\u00e4setr\u00e4ger, K\u00e4sesetzern, H\u00e4ndlern, Bauern, K\u00e4sem\u00e4dchen und den Wagenmeistern mit Pferdewagen, die alle in diesem speziellen und musikalischen Theaterspiel spielen. Die Show wird in Niederl\u00e4ndisch, Deutsch und Englisch pr\u00e4sentiert.<\/p>\n<p><strong>Unser Tipp:<\/strong> Besuchen Sie die K\u00e4serei von Alkmaar Henri Willig &#8211; Magdalenenstraat 4[\/vc_column_text][\/vc_column_inner][\/vc_row_inner][\/vc_column][vc_column width=&#8220;1\/3&#8243;][vc_row_inner][vc_column_inner]<div class=\"dt-fancy-separator title-left h3-size style-disabled accent-title-color\" style=\"width: 100%;\"><div class=\"dt-fancy-title\"><span class=\"separator-holder separator-left\"><\/span>Das Zee Aquarium Bergen<span class=\"separator-holder separator-right\"><\/span><\/div><\/div>[vc_empty_space height=&#8220;10&#8243;][vc_single_image image=&#8220;7265&#8243; img_size=&#8220;900 x 600&#8243; add_caption=&#8220;yes&#8220;][vc_empty_space height=&#8220;10&#8243;][vc_column_text]<\/p>\n<div class=\"page\" title=\"Page 1\">\n<p>Mehr als 300 verschiedene Fischarten sind im renovierten und erweiterten Meerwasseraquarium zu sehen. Lassen Sie sich durch den Amazonas-Dschungel an Piranhas und gruseligen Reptilien vorbei transportieren und entdecken Sie die fantastischsten Fische und aufregenden Meerestiere! Bestaunen Sie die Seepferdchen, Seesterne und Clownfische, streicheln Sie einen Strahl am Ray Reef und begegnen Sie Haien! Tauchen Sie mit, entdecken, erleben, bewundern und staunen Sie! Das Zee Aquarium ist lustig und lehrreich f\u00fcr Jung und Alt, bei gutem und schlechtem Wetter.<\/p>\n<div class=\"layoutArea\">\n<div class=\"column\">\n<div class=\"page\" title=\"Page 1\">\n<div class=\"layoutArea\">\n<div class=\"column\">\n<p>&nbsp;<\/p>\n<\/div>\n<\/div>\n<\/div>\n<\/div>\n<\/div>\n<\/div>\n<p>[\/vc_column_text][\/vc_column_inner][\/vc_row_inner][\/vc_column][vc_column width=&#8220;1\/3&#8243;][vc_row_inner][vc_column_inner]<div class=\"dt-fancy-separator title-left h3-size style-disabled accent-title-color\" style=\"width: 100%;\"><div class=\"dt-fancy-title\"><span class=\"separator-holder separator-left\"><\/span>Stedelijk Museum Alkmaar<span class=\"separator-holder separator-right\"><\/span><\/div><\/div>[vc_empty_space height=&#8220;10&#8243;][vc_single_image image=&#8220;7279&#8243; img_size=&#8220;900 x 600&#8243; add_caption=&#8220;yes&#8220;][vc_empty_space height=&#8220;10&#8243;][vc_column_text]<\/p>\n<div class=\"page\" title=\"Page 1\">\n<p>Das Stedelijk Museum Alkmaar ist eines der \u00e4ltesten Museen in den Niederlanden und verbindet Menschen, Kunst und Geschichte. Das Museum pr\u00e4sentiert eine sch\u00f6ne Sammlung alter und moderner Kunst, Kunsthandwerk und Stadtgeschichte. Liebhaber der Bergen-Schulbewegung k\u00f6nnen sich im Museum verw\u00f6hnen lassen. Nat\u00fcrlich hat das Museum eine Dauerausstellung mit Meisterwerken aus dem 17. Jahrhundert. Im &#8222;Goldenen Zeitalter von Alkmaar&#8220; betreten Sie eine Welt der Entwicklung, des Wohlbefindens und des Wohlstands.<\/p>\n<div class=\"layoutArea\">\n<div class=\"column\">\n<div class=\"page\" title=\"Page 1\">\n<div class=\"layoutArea\">\n<div class=\"column\">\n<p>&nbsp;<\/p>\n<\/div>\n<\/div>\n<\/div>\n<\/div>\n<\/div>\n<\/div>\n<p>[\/vc_column_text][\/vc_column_inner][\/vc_row_inner][\/vc_column][\/vc_row][vc_row margin_top=&#8220;32&#8243;][vc_column width=&#8220;1\/3&#8243;][vc_row_inner][vc_column_inner]<div class=\"dt-fancy-separator title-left h3-size style-disabled accent-title-color\" style=\"width: 100%;\"><div class=\"dt-fancy-title\"><span class=\"separator-holder separator-left\"><\/span>Alt - Holland<span class=\"separator-holder separator-right\"><\/span><\/div><\/div>[vc_empty_space height=&#8220;10&#8243;][vc_single_image image=&#8220;4891&#8243; img_size=&#8220;900 x 600&#8243; add_caption=&#8220;yes&#8220;][vc_empty_space height=&#8220;10&#8243;][vc_column_text]Entdecken Sie die Geschichte und Tradition der niederl\u00e4ndischen Handelsschifffahrt, des Fischfangs und der K\u00e4seherstellung. Besuchen Sie die typisch niederl\u00e4ndischen D\u00f6rfer und erleben Sie die Geschichte noch einmal. Von Bergen aus fahren Sie durch die Blumenzwiebelfelder und besuchen die alten holl\u00e4ndischen D\u00f6rfer, als ob die Zeit stehen geblieben w\u00e4re. Edam, Volendam, Marken und Monnickendam mit seinen Kirchen und h\u00f6lzernen Fischerh\u00e4usern. \u00dcber die Zaanse Schans k\u00f6nnen Sie das beeindruckende Schauspiel der unz\u00e4hligen Windm\u00fchlen sehen und sehen, wo sich die Windm\u00fchlenbl\u00e4tter mit voller Geschwindigkeit drehen.<\/p>\n<p><strong> Unser Tipp<\/strong>: Genie\u00dfen Sie eine Tasse Kaffee auf der Terrasse des Auberge Damhotel &#8211; Edam[\/vc_column_text][\/vc_column_inner][\/vc_row_inner][\/vc_column][vc_column width=&#8220;1\/3&#8243;][vc_row_inner][vc_column_inner]<div class=\"dt-fancy-separator title-left h3-size style-disabled accent-title-color\" style=\"width: 100%;\"><div class=\"dt-fancy-title\"><span class=\"separator-holder separator-left\"><\/span>Egmond aan Zee<span class=\"separator-holder separator-right\"><\/span><\/div><\/div>[vc_empty_space height=&#8220;10&#8243;][vc_single_image image=&#8220;7646&#8243; img_size=&#8220;900 x 600&#8243; add_caption=&#8220;yes&#8220;][vc_empty_space height=&#8220;10&#8243;][vc_column_text]Egmond aan Zee is de perfecte kustplaats met een van de mooiste zandstranden van Nederland. Heerlijk relaxen, de blik op oneindig, zonne- of pootjebaden, vliegeren, zandkastelen bouwen, schelpen zoeken. Ook in Egmond zelf is genoeg de doen. Struin lekker over de boulevard langs de winkeltjes en terrasjes. Verken de vuurtoren of geniet van een heerlijk diner in een van de vele restaurantjes met ondergaande zon&#8230;&#8230;\u2026In Egmond aan Zee kan het allemaal.<\/p>\n<p>&nbsp;<\/p>\n<p>&nbsp;<\/p>\n<p>[\/vc_column_text][\/vc_column_inner][\/vc_row_inner][\/vc_column][vc_column width=&#8220;1\/3&#8243;][vc_row_inner][vc_column_inner]<div class=\"dt-fancy-separator title-left h3-size style-disabled accent-title-color\" style=\"width: 100%;\"><div class=\"dt-fancy-title\"><span class=\"separator-holder separator-left\"><\/span>Amsterdam<span class=\"separator-holder separator-right\"><\/span><\/div><\/div>[vc_empty_space height=&#8220;10&#8243;][vc_single_image image=&#8220;4832&#8243; img_size=&#8220;900 x 600&#8243; add_caption=&#8220;yes&#8220;][vc_empty_space height=&#8220;10&#8243;][vc_column_text]<\/p>\n<div class=\"page\" title=\"Page 1\">\n<div class=\"layoutArea\">\n<div class=\"column\">\n<div class=\"page\" title=\"Page 1\">\n<div class=\"layoutArea\">\n<div class=\"column\">\n<div class=\"page\" title=\"Page 2\">\n<div class=\"layoutArea\">\n<div class=\"column\">Steigen Sie in Alkmaar in den Zug und Sie sind in 35 Minuten im Herzen von Amsterdam. Keine Stadt ist so farbenfroh und vielseitig wie Amsterdam: alte Kan\u00e4le, monumentale Geb\u00e4ude und all ihre besonderen Museen. Absolute Highlights sind das Anne-Frank-Haus, das Van Gogh, Stedelijk und das Rijksmuseum. Oder entdecken Sie die Stadt vom Wasser aus bei einer Kreuzfahrt durch die Kan\u00e4le. Amsterdam begeistert selbst den erfahrensten K\u00e4ufer mit gro\u00dfen Kaufh\u00e4usern wie dem Bijenkorf oder den unz\u00e4hligen kleinen Spezialboutiquen in den Neun Stra\u00dfen.<\/div>\n<div><\/div>\n<div class=\"column\"><strong>Unser Tipp<\/strong>: Ein Besuch im Foammuseum lohnt sich nat\u00fcrlich nicht &#8211; Keizersgracht 609<\/div>\n<\/div>\n<p>&nbsp;<\/p>\n<\/div>\n<\/div>\n<\/div>\n<\/div>\n<\/div>\n<\/div>\n<\/div>\n<p>[\/vc_column_text][\/vc_column_inner][\/vc_row_inner][\/vc_column][\/vc_row][vc_row][vc_column][vc_column_text]<\/p>\n<h3><\/h3>\n<p>[\/vc_column_text][\/vc_column][\/vc_row]<\/p>\n<\/div>","protected":false},"excerpt":{"rendered":"<p>[vc_row][vc_column width=&#8220;1\/3&#8243;][vc_row_inner][vc_column_inner][vc_empty_space height=&#8220;10&#8243;][vc_single_image image=&#8220;7136&#8243; img_size=&#8220;900&#215;600&#8243; add_caption=&#8220;yes&#8220;][vc_empty_space height=&#8220;10&#8243;][vc_column_text]Ein Besuch im Museum Kranenburgh ist ein Besuch im K\u00fcnstlerdorf Bergen. Wenn Sie das Museum verlassen und ins Dorf oder in den Wald gehen, werden Sie verstehen, warum sich vor 100 Jahren so viele K\u00fcnstler hier niedergelassen haben. Das englische Gr\u00fcn, das Meereslicht und die N\u00e4he zu wundersch\u00f6nen D\u00fcnen&hellip;<\/p>\n","protected":false},"author":1,"featured_media":3839,"parent":0,"menu_order":0,"comment_status":"closed","ping_status":"closed","template":"","meta":{"footnotes":""},"class_list":["post-582","page","type-page","status-publish","has-post-thumbnail","hentry","description-off"],"yoast_head":"<!-- This site is optimized with the Yoast SEO plugin v27.4 - https:\/\/yoast.com\/product\/yoast-seo-wordpress\/ -->\n<title>Bergen (NH) - Dijkstra hotels<\/title>\n<meta name=\"robots\" content=\"index, follow, max-snippet:-1, max-image-preview:large, max-video-preview:-1\" \/>\n<link rel=\"canonical\" href=\"https:\/\/www.dijkstrahotels.com\/de\/untdeck-bergen\/\" \/>\n<meta property=\"og:locale\" content=\"de_DE\" \/>\n<meta property=\"og:type\" content=\"article\" \/>\n<meta property=\"og:title\" content=\"Bergen (NH) - Dijkstra hotels\" \/>\n<meta property=\"og:description\" content=\"[vc_row][vc_column width=&#8220;1\/3&#8243;][vc_row_inner][vc_column_inner][vc_empty_space height=&#8220;10&#8243;][vc_single_image image=&#8220;7136&#8243; img_size=&#8220;900&#215;600&#8243; add_caption=&#8220;yes&#8220;][vc_empty_space height=&#8220;10&#8243;][vc_column_text]Ein Besuch im Museum Kranenburgh ist ein Besuch im K\u00fcnstlerdorf Bergen. Wenn Sie das Museum verlassen und ins Dorf oder in den Wald gehen, werden Sie verstehen, warum sich vor 100 Jahren so viele K\u00fcnstler hier niedergelassen haben. Das englische Gr\u00fcn, das Meereslicht und die N\u00e4he zu wundersch\u00f6nen D\u00fcnen&hellip;\" \/>\n<meta property=\"og:url\" content=\"https:\/\/www.dijkstrahotels.com\/de\/untdeck-bergen\/\" \/>\n<meta property=\"og:site_name\" content=\"Dijkstra hotels\" \/>\n<meta property=\"article:modified_time\" content=\"2023-04-03T09:24:01+00:00\" \/>\n<meta property=\"og:image\" content=\"https:\/\/www.dijkstrahotels.com\/wp-content\/uploads\/foto-trouwen-e1461164027566.jpg\" \/>\n\t<meta property=\"og:image:width\" content=\"462\" \/>\n\t<meta property=\"og:image:height\" content=\"306\" \/>\n\t<meta property=\"og:image:type\" content=\"image\/jpeg\" \/>\n<meta name=\"twitter:card\" content=\"summary_large_image\" \/>\n<meta name=\"twitter:label1\" content=\"Gesch\u00e4tzte Lesezeit\" \/>\n\t<meta name=\"twitter:data1\" content=\"6 Minuten\" \/>\n<script type=\"application\/ld+json\" class=\"yoast-schema-graph\">{\"@context\":\"https:\\\/\\\/schema.org\",\"@graph\":[{\"@type\":\"WebPage\",\"@id\":\"https:\\\/\\\/www.dijkstrahotels.com\\\/de\\\/untdeck-bergen\\\/\",\"url\":\"https:\\\/\\\/www.dijkstrahotels.com\\\/de\\\/untdeck-bergen\\\/\",\"name\":\"Bergen (NH) - Dijkstra hotels\",\"isPartOf\":{\"@id\":\"https:\\\/\\\/www.dijkstrahotels.com\\\/#website\"},\"primaryImageOfPage\":{\"@id\":\"https:\\\/\\\/www.dijkstrahotels.com\\\/de\\\/untdeck-bergen\\\/#primaryimage\"},\"image\":{\"@id\":\"https:\\\/\\\/www.dijkstrahotels.com\\\/de\\\/untdeck-bergen\\\/#primaryimage\"},\"thumbnailUrl\":\"https:\\\/\\\/www.dijkstrahotels.com\\\/wp-content\\\/uploads\\\/foto-trouwen-e1461164027566.jpg\",\"datePublished\":\"2016-03-25T13:07:40+00:00\",\"dateModified\":\"2023-04-03T09:24:01+00:00\",\"breadcrumb\":{\"@id\":\"https:\\\/\\\/www.dijkstrahotels.com\\\/de\\\/untdeck-bergen\\\/#breadcrumb\"},\"inLanguage\":\"de-DE\",\"potentialAction\":[{\"@type\":\"ReadAction\",\"target\":[\"https:\\\/\\\/www.dijkstrahotels.com\\\/de\\\/untdeck-bergen\\\/\"]}]},{\"@type\":\"ImageObject\",\"inLanguage\":\"de-DE\",\"@id\":\"https:\\\/\\\/www.dijkstrahotels.com\\\/de\\\/untdeck-bergen\\\/#primaryimage\",\"url\":\"https:\\\/\\\/www.dijkstrahotels.com\\\/wp-content\\\/uploads\\\/foto-trouwen-e1461164027566.jpg\",\"contentUrl\":\"https:\\\/\\\/www.dijkstrahotels.com\\\/wp-content\\\/uploads\\\/foto-trouwen-e1461164027566.jpg\",\"width\":462,\"height\":306},{\"@type\":\"BreadcrumbList\",\"@id\":\"https:\\\/\\\/www.dijkstrahotels.com\\\/de\\\/untdeck-bergen\\\/#breadcrumb\",\"itemListElement\":[{\"@type\":\"ListItem\",\"position\":1,\"name\":\"Home\",\"item\":\"https:\\\/\\\/www.dijkstrahotels.com\\\/de\\\/\"},{\"@type\":\"ListItem\",\"position\":2,\"name\":\"Bergen (NH)\"}]},{\"@type\":\"WebSite\",\"@id\":\"https:\\\/\\\/www.dijkstrahotels.com\\\/#website\",\"url\":\"https:\\\/\\\/www.dijkstrahotels.com\\\/\",\"name\":\"Dijkstra hotels\",\"description\":\"Bijzondere kleinschalige hotels in Bergen\",\"potentialAction\":[{\"@type\":\"SearchAction\",\"target\":{\"@type\":\"EntryPoint\",\"urlTemplate\":\"https:\\\/\\\/www.dijkstrahotels.com\\\/?s={search_term_string}\"},\"query-input\":{\"@type\":\"PropertyValueSpecification\",\"valueRequired\":true,\"valueName\":\"search_term_string\"}}],\"inLanguage\":\"de-DE\"}]}<\/script>\n<!-- \/ Yoast SEO plugin. -->","yoast_head_json":{"title":"Bergen (NH) - Dijkstra hotels","robots":{"index":"index","follow":"follow","max-snippet":"max-snippet:-1","max-image-preview":"max-image-preview:large","max-video-preview":"max-video-preview:-1"},"canonical":"https:\/\/www.dijkstrahotels.com\/de\/untdeck-bergen\/","og_locale":"de_DE","og_type":"article","og_title":"Bergen (NH) - Dijkstra hotels","og_description":"[vc_row][vc_column width=&#8220;1\/3&#8243;][vc_row_inner][vc_column_inner][vc_empty_space height=&#8220;10&#8243;][vc_single_image image=&#8220;7136&#8243; img_size=&#8220;900&#215;600&#8243; add_caption=&#8220;yes&#8220;][vc_empty_space height=&#8220;10&#8243;][vc_column_text]Ein Besuch im Museum Kranenburgh ist ein Besuch im K\u00fcnstlerdorf Bergen. Wenn Sie das Museum verlassen und ins Dorf oder in den Wald gehen, werden Sie verstehen, warum sich vor 100 Jahren so viele K\u00fcnstler hier niedergelassen haben. Das englische Gr\u00fcn, das Meereslicht und die N\u00e4he zu wundersch\u00f6nen D\u00fcnen&hellip;","og_url":"https:\/\/www.dijkstrahotels.com\/de\/untdeck-bergen\/","og_site_name":"Dijkstra hotels","article_modified_time":"2023-04-03T09:24:01+00:00","og_image":[{"width":462,"height":306,"url":"https:\/\/www.dijkstrahotels.com\/wp-content\/uploads\/foto-trouwen-e1461164027566.jpg","type":"image\/jpeg"}],"twitter_card":"summary_large_image","twitter_misc":{"Gesch\u00e4tzte Lesezeit":"6 Minuten"},"schema":{"@context":"https:\/\/schema.org","@graph":[{"@type":"WebPage","@id":"https:\/\/www.dijkstrahotels.com\/de\/untdeck-bergen\/","url":"https:\/\/www.dijkstrahotels.com\/de\/untdeck-bergen\/","name":"Bergen (NH) - Dijkstra hotels","isPartOf":{"@id":"https:\/\/www.dijkstrahotels.com\/#website"},"primaryImageOfPage":{"@id":"https:\/\/www.dijkstrahotels.com\/de\/untdeck-bergen\/#primaryimage"},"image":{"@id":"https:\/\/www.dijkstrahotels.com\/de\/untdeck-bergen\/#primaryimage"},"thumbnailUrl":"https:\/\/www.dijkstrahotels.com\/wp-content\/uploads\/foto-trouwen-e1461164027566.jpg","datePublished":"2016-03-25T13:07:40+00:00","dateModified":"2023-04-03T09:24:01+00:00","breadcrumb":{"@id":"https:\/\/www.dijkstrahotels.com\/de\/untdeck-bergen\/#breadcrumb"},"inLanguage":"de-DE","potentialAction":[{"@type":"ReadAction","target":["https:\/\/www.dijkstrahotels.com\/de\/untdeck-bergen\/"]}]},{"@type":"ImageObject","inLanguage":"de-DE","@id":"https:\/\/www.dijkstrahotels.com\/de\/untdeck-bergen\/#primaryimage","url":"https:\/\/www.dijkstrahotels.com\/wp-content\/uploads\/foto-trouwen-e1461164027566.jpg","contentUrl":"https:\/\/www.dijkstrahotels.com\/wp-content\/uploads\/foto-trouwen-e1461164027566.jpg","width":462,"height":306},{"@type":"BreadcrumbList","@id":"https:\/\/www.dijkstrahotels.com\/de\/untdeck-bergen\/#breadcrumb","itemListElement":[{"@type":"ListItem","position":1,"name":"Home","item":"https:\/\/www.dijkstrahotels.com\/de\/"},{"@type":"ListItem","position":2,"name":"Bergen (NH)"}]},{"@type":"WebSite","@id":"https:\/\/www.dijkstrahotels.com\/#website","url":"https:\/\/www.dijkstrahotels.com\/","name":"Dijkstra hotels","description":"Bijzondere kleinschalige hotels in Bergen","potentialAction":[{"@type":"SearchAction","target":{"@type":"EntryPoint","urlTemplate":"https:\/\/www.dijkstrahotels.com\/?s={search_term_string}"},"query-input":{"@type":"PropertyValueSpecification","valueRequired":true,"valueName":"search_term_string"}}],"inLanguage":"de-DE"}]}},"_links":{"self":[{"href":"https:\/\/www.dijkstrahotels.com\/de\/wp-json\/wp\/v2\/pages\/582","targetHints":{"allow":["GET"]}}],"collection":[{"href":"https:\/\/www.dijkstrahotels.com\/de\/wp-json\/wp\/v2\/pages"}],"about":[{"href":"https:\/\/www.dijkstrahotels.com\/de\/wp-json\/wp\/v2\/types\/page"}],"author":[{"embeddable":true,"href":"https:\/\/www.dijkstrahotels.com\/de\/wp-json\/wp\/v2\/users\/1"}],"replies":[{"embeddable":true,"href":"https:\/\/www.dijkstrahotels.com\/de\/wp-json\/wp\/v2\/comments?post=582"}],"version-history":[{"count":145,"href":"https:\/\/www.dijkstrahotels.com\/de\/wp-json\/wp\/v2\/pages\/582\/revisions"}],"predecessor-version":[{"id":9466,"href":"https:\/\/www.dijkstrahotels.com\/de\/wp-json\/wp\/v2\/pages\/582\/revisions\/9466"}],"wp:featuredmedia":[{"embeddable":true,"href":"https:\/\/www.dijkstrahotels.com\/de\/wp-json\/wp\/v2\/media\/3839"}],"wp:attachment":[{"href":"https:\/\/www.dijkstrahotels.com\/de\/wp-json\/wp\/v2\/media?parent=582"}],"curies":[{"name":"wp","href":"https:\/\/api.w.org\/{rel}","templated":true}]}}