{"id":565,"date":"2016-02-22T10:39:58","date_gmt":"2016-02-22T09:39:58","guid":{"rendered":"https:\/\/www.dijkstrahotels.com\/de\/kamers\/"},"modified":"2026-03-05T20:33:33","modified_gmt":"2026-03-05T19:33:33","slug":"dijkstra-hotels","status":"publish","type":"page","link":"https:\/\/www.dijkstrahotels.com\/de\/dijkstra-hotels\/","title":{"rendered":"Dijkstra Hotels &#8211; Bergen"},"content":{"rendered":"<div class=\"wpb-content-wrapper\"><p>[vc_row][vc_column][vc_column_text css=&#8220;&#8220;]<\/p>\n<h3 style=\"text-align: center;\"><strong>Willkommen bei<\/strong><\/h3>\n<h2 style=\"text-align: center;\"><strong>DIJKSTRA HOTELS<\/strong><\/h2>\n<p style=\"text-align: center;\">* * * *<\/p>\n<div id=\"tw-target-text-container\" class=\"tw-ta-container hide-focus-ring tw-nfl\" style=\"text-align: center;\" tabindex=\"0\">\n<p><span style=\"font-size: 14pt;\">Die <strong>Dijkstra Hotels<\/strong> sind aus dem ehemaligen <strong>Hotel Breeburg<\/strong>, dem <strong>Hotel Heerlijkheid<\/strong> und dem <strong>Hotel van Renenpark<\/strong> in der Breelaan 22, 24 und 26 im Zentrum von Bergen entstanden.<\/span><\/p>\n<p><span style=\"font-size: 14pt;\">Seit 2025 sind die Dijkstra Hotels ein 4-Sterne-Hotel mit all seinen Einrichtungen und Dienstleistungen.<\/span><\/p>\n<p><span style=\"font-size: 14pt;\">Lassen Sie den Alltag hinter sich in einem Hotel, in dem Sie sich wie zu Hause f\u00fchlen. Ein gem\u00fctliches Familienhotel mit romantischem Touch: An der Hauptstra\u00dfe im Zentrum von Bergen finden Sie dieses besondere Geb\u00e4ude im Jugendstil. Der ideale Standort, um die fantastische Umgebung von Bergen mit dem Auto, dem Fahrrad oder zu Fu\u00df zu erkunden. Lassen Sie sich von den freundlichen Mitarbeitern der Dijkstra Hotels verw\u00f6hnen. Wir hoffen, Sie bald begr\u00fc\u00dfen zu d\u00fcrfen.<\/span><\/p>\n<p>&nbsp;<\/p>\n<\/div>\n<div id=\"tw-target-rmn-container\" class=\"tw-ta-container hide-focus-ring tw-nfl\" style=\"text-align: center;\">\n<pre id=\"tw-target-rmn\" class=\"tw-data-placeholder tw-text-small tw-ta\" dir=\"ltr\" data-placeholder=\"\"><strong><span style=\"font-family: Arial, Helvetica, sans-serif; color: #000000; font-size: 14pt;\">Breelaan 22\u00a0 \u2022\u00a0 +31 72 581 30 12 \u00a0 \u2022\u00a0 info@dijkstrahotels.com<\/span><\/strong><\/pre>\n<\/div>\n<p>[\/vc_column_text][vc_separator color=&#8220;chino&#8220;][\/vc_column][\/vc_row][vc_row][vc_column width=&#8220;1\/4&#8243;][vc_empty_space][\/vc_column][vc_column width=&#8220;1\/2&#8243;][\/vc_column][vc_column width=&#8220;1\/4&#8243;][\/vc_column][\/vc_row][vc_row][vc_column][vc_media_grid element_width=&#8220;2&#8243; gap=&#8220;25&#8243; grid_id=&#8220;vc_gid:1772739188885-1c84cf03-a3ae-0&#8243; include=&#8220;8000,7991,7945,7865,8018,7979&#8243;][\/vc_column][\/vc_row][vc_row][vc_column width=&#8220;1\/2&#8243;]<div class=\"dt-fancy-separator h2-size\" style=\"width: 100%;\"><div class=\"dt-fancy-title\"><span class=\"separator-holder separator-left\"><\/span>Hotel<span class=\"separator-holder separator-right\"><\/span><\/div><\/div>[vc_column_text]<span style=\"font-size: 12pt;\"><span style=\"color: #339966;\"><strong>\u221a <\/strong><\/span><\/span><span lang=\"de\">11 einzigartige Zimmer<br \/>\n<\/span><span style=\"font-size: 12pt;\"><span style=\"color: #339966;\"><strong>\u221a\u00a0 <\/strong><\/span><\/span><span lang=\"de\">Das Hotel liegt im Zentrum von Bergen<br \/>\n<\/span><span style=\"font-size: 12pt;\"><span style=\"color: #339966;\"><strong><span style=\"font-size: 12pt;\">\u221a<\/span><span style=\"font-size: 12pt;\">\u00a0 <\/span><\/strong><\/span><\/span>Free WIFI<br \/>\n<span style=\"font-size: 12pt;\"><span style=\"color: #339966;\"><strong>\u221a\u00a0 <\/strong><\/span><\/span>Aufzug<br \/>\n<span style=\"font-size: 12pt;\"><span style=\"color: #339966;\"><strong>\u221a\u00a0 <\/strong><\/span><\/span><span lang=\"de\">Die Rezeption ist zwischen 08:30 und 20:00 Uhr verf\u00fcgbar<br \/>\n<\/span><span style=\"font-size: 12pt;\"><span style=\"color: #339966;\"><strong>\u221a <\/strong><\/span><\/span><span lang=\"de\">Fahrradverleih<br \/>\n<\/span><span style=\"font-size: 12pt;\"><span style=\"color: #339966;\"><strong>\u221a <\/strong><\/span><\/span><span lang=\"de\">Fahrraddepot | Gep\u00e4cklagerung<br \/>\n<\/span><span style=\"font-size: 12pt;\"><span style=\"color: #339966;\"><strong>\u221a <\/strong><\/span><\/span><span lang=\"de\">Parkscheine gegen Geb\u00fchr (je nach Verf\u00fcgbarkeit)<\/span>[\/vc_column_text][\/vc_column][vc_column width=&#8220;1\/2&#8243;]<div class=\"dt-fancy-separator h2-size\" style=\"width: 100%;\"><div class=\"dt-fancy-title\"><span class=\"separator-holder separator-left\"><\/span>Zimmer<span class=\"separator-holder separator-right\"><\/span><\/div><\/div>[vc_column_text]<\/p>\n<p><span style=\"font-size: 12pt;\"><span style=\"color: #339966;\"><strong>\u221a<\/strong><\/span><\/span> <span lang=\"de\">Verschiedene Zimmertypen; von einfachen Zimmern bis zu ger\u00e4umigen Komfortzimmern<br \/>\n<\/span><span style=\"font-size: 12pt;\"><span style=\"color: #339966;\"><strong>\u221a<\/strong><\/span><\/span> <span lang=\"de\">Zwei ger\u00e4umige Familienzimmer f\u00fcr 4 Personen<br \/>\n<\/span><span style=\"font-size: 12pt;\"><span style=\"color: #339966;\"><strong>\u221a<\/strong><\/span><\/span> <span lang=\"de\">Alle Zimmer verf\u00fcgen \u00fcber ein eigenes Bad mit Dusche und \/ oder Badewanne<br \/>\n<\/span><span style=\"font-size: 12pt;\"><span style=\"color: #339966;\"><strong>\u221a<\/strong><\/span><\/span> <span lang=\"de\">Pflegeprodukte aus der Spa Collection<br \/>\n<\/span><span style=\"font-size: 12pt;\"><span style=\"color: #339966;\"><strong>\u221a<\/strong><\/span><\/span> <span lang=\"de\">Fernsehen | Sicher<br \/>\n<\/span><span style=\"font-size: 12pt;\"><span style=\"color: #339966;\"><strong>\u221a <\/strong><\/span><\/span><span lang=\"de\">F\u00f6n | Kessel<br \/>\n<\/span><span style=\"font-size: 12pt;\"><span style=\"color: #339966;\"><strong>\u221a<\/strong><\/span><\/span> K<span lang=\"de\">leiner K\u00fchlschrank<br \/>\n<\/span><span style=\"font-size: 12pt;\"><span style=\"color: #339966;\"><strong>\u221a<\/strong><\/span><\/span> <span lang=\"de\">Umfangreiches Fr\u00fchst\u00fccksbuffet inklusive<\/span><\/p>\n<p>[\/vc_column_text][\/vc_column][\/vc_row][vc_column][\/vc_column][vc_row type=&#8220;3&#8243; padding_top=&#8220;20&#8243; bg_color=&#8220;#1b5583&#8243; css=&#8220;.vc_custom_1603576918503{margin-bottom: -50px !important;}&#8220;][vc_column width=&#8220;1\/4&#8243;]<div class=\"ult-spacer spacer-69fa2b97b7cb6\" data-id=\"69fa2b97b7cb6\" data-height=\"10\" data-height-mobile=\"10\" data-height-tab=\"10\" data-height-tab-portrait=\"\" data-height-mobile-landscape=\"\" style=\"clear:both;display:block;\"><\/div>[\/vc_column][vc_column width=&#8220;1\/2&#8243;][vc_column_text]<\/p>\n<p style=\"text-align: center;\"><span style=\"font-size: 14pt; font-family: Arial, Helvetica, sans-serif;\">\u221a Gratis WiFi\u00a0 \u00a0 \u00a0 \u221a Fr\u00fchst\u00fcck kostenlos \u00a0 \u00a0\u221a Bestpreisgarantie<\/span><\/p>\n<p>[\/vc_column_text][vc_btn title=&#8220;Reservieren&#8220; style=&#8220;outline&#8220; shape=&#8220;round&#8220; color=&#8220;white&#8220; size=&#8220;lg&#8220; align=&#8220;center&#8220; css=&#8220;&#8220; link=&#8220;url:https%3A%2F%2Fobe.vipscloudpms.com%2FNTk2MTE4%2Fhome%3Fsitecode%3D596118|title:Reservieren|target:_blank&#8220;][\/vc_column][vc_column width=&#8220;1\/4&#8243;][\/vc_column][\/vc_row][vc_row][vc_column][vc_empty_space height=&#8220;48px&#8220;][vc_column_text]<\/p>\n<h2 style=\"text-align: center;\">die Atmosph\u00e4re<\/h2>\n<p>[\/vc_column_text][vc_media_grid element_width=&#8220;3&#8243; gap=&#8220;4&#8243; grid_id=&#8220;vc_gid:1772739188892-a96932b6-22f0-10&#8243; include=&#8220;7985,7994,7936,7865,8023,8009,7942,8015&#8243;][\/vc_column][\/vc_row][vc_row][vc_column][vc_empty_space][\/vc_column][\/vc_row][vc_column width=&#8220;1\/3&#8243;][\/vc_column][vc_separator color=&#8220;chino&#8220;][vc_row][vc_column width=&#8220;1\/3&#8243;][vc_column_text]<\/p>\n<h4 style=\"text-align: center;\">KONTAKT<\/h4>\n<p style=\"text-align: center;\">E-mail: info@dijkstrahotels.com<\/p>\n<p style=\"text-align: center;\">Bergen (nh) | Netherlands<\/p>\n<p>[\/vc_column_text][\/vc_column][vc_column width=&#8220;1\/3&#8243;][vc_column_text]<\/p>\n<h4 style=\"text-align: center;\">STAY IN TOUCH<\/h4>\n<p>[vc_separator el_width=&#8220;40&#8243;]<style type=\"text\/css\" data-type=\"the7_shortcodes-inline-css\">.dt-shortcode-soc-icons.soc-icons-6d3d70cdad80c3022dac88b2b035272f a {\n  margin-right: 4px;\n}\n.dt-shortcode-soc-icons a.soc-icons-6d3d70cdad80c3022dac88b2b035272f {\n  margin-right: 4px;\n}\n.dt-shortcode-soc-icons a.soc-icons-6d3d70cdad80c3022dac88b2b035272f:last-child {\n  margin-right: 0;\n}\n.dt-shortcode-soc-icons a.soc-icons-6d3d70cdad80c3022dac88b2b035272f:before,\n.dt-shortcode-soc-icons a.soc-icons-6d3d70cdad80c3022dac88b2b035272f:after {\n  padding: inherit;\n}\n.dt-shortcode-soc-icons a.soc-icons-6d3d70cdad80c3022dac88b2b035272f.dt-icon-border-on:before {\n  border:  solid ;\n}\n.dt-shortcode-soc-icons a.soc-icons-6d3d70cdad80c3022dac88b2b035272f.dt-icon-hover-border-on:after {\n  border:  solid ;\n}\n<\/style><div class=\"dt-shortcode-soc-icons  soc-icons-6d3d70cdad80c3022dac88b2b035272f soc-icons-center \" ><style type=\"text\/css\" data-type=\"the7_shortcodes-inline-css\">.dt-shortcode-soc-icons a.single-soc-icon-ccedd3e21c06e27dc5195f87c55387f5 {\n  min-width: 26px;\n  min-height: 26px;\n  font-size: 16px;\n  border-radius: 100px;\n}\n.dt-shortcode-soc-icons a.single-soc-icon-ccedd3e21c06e27dc5195f87c55387f5:last-child {\n  margin-right: 0;\n}\n.dt-shortcode-soc-icons a.single-soc-icon-ccedd3e21c06e27dc5195f87c55387f5:before,\n.dt-shortcode-soc-icons a.single-soc-icon-ccedd3e21c06e27dc5195f87c55387f5:after {\n  min-width: 26px;\n  min-height: 26px;\n  padding: inherit;\n}\n.dt-shortcode-soc-icons a.single-soc-icon-ccedd3e21c06e27dc5195f87c55387f5.dt-icon-border-on:before {\n  border: 0px solid ;\n}\n.dt-shortcode-soc-icons a.single-soc-icon-ccedd3e21c06e27dc5195f87c55387f5.dt-icon-hover-border-on:after {\n  border: 0px solid ;\n}\n.dt-shortcode-soc-icons a.single-soc-icon-ccedd3e21c06e27dc5195f87c55387f5:hover {\n  font-size: 16px;\n}\n#page .dt-shortcode-soc-icons a.single-soc-icon-ccedd3e21c06e27dc5195f87c55387f5:hover .soc-font-icon,\n#phantom .dt-shortcode-soc-icons a.single-soc-icon-ccedd3e21c06e27dc5195f87c55387f5:hover .soc-font-icon,\n#page .dt-shortcode-soc-icons a.single-soc-icon-ccedd3e21c06e27dc5195f87c55387f5:hover .soc-icon,\n#phantom .dt-shortcode-soc-icons a.single-soc-icon-ccedd3e21c06e27dc5195f87c55387f5:hover .soc-icon {\n  color: rgba(255,255,255,0.75);\n  background: none;\n}\n#page .dt-shortcode-soc-icons a.single-soc-icon-ccedd3e21c06e27dc5195f87c55387f5:not(:hover) .soc-font-icon,\n#phantom .dt-shortcode-soc-icons a.single-soc-icon-ccedd3e21c06e27dc5195f87c55387f5:not(:hover) .soc-font-icon,\n#page .dt-shortcode-soc-icons a.single-soc-icon-ccedd3e21c06e27dc5195f87c55387f5:not(:hover) .soc-icon,\n#phantom .dt-shortcode-soc-icons a.single-soc-icon-ccedd3e21c06e27dc5195f87c55387f5:not(:hover) .soc-icon {\n  color: #ffffff;\n  background: none;\n}\n.dt-shortcode-soc-icons a.single-soc-icon-ccedd3e21c06e27dc5195f87c55387f5 .soc-font-icon,\n.dt-shortcode-soc-icons a.single-soc-icon-ccedd3e21c06e27dc5195f87c55387f5 .soc-icon {\n  font-size: 16px;\n}\n<\/style><a title=\"Facebook\" href=\"https:\/\/www.instagram.com\/dijkstrahotels\/\" class=\"facebook single-soc-icon-ccedd3e21c06e27dc5195f87c55387f5 dt-icon-bg-on dt-icon-border-on dt-icon-hover-border-on dt-icon-hover-bg-on  \" ><i class=\"soc-icon soc-font-icon dt-icon-facebook\"><\/i><span class=\"screen-reader-text\">Facebook<\/span><\/a><style type=\"text\/css\" data-type=\"the7_shortcodes-inline-css\">.dt-shortcode-soc-icons a.single-soc-icon-a13ec1500c455b9517707d7a62d3c8c3 {\n  min-width: 26px;\n  min-height: 26px;\n  font-size: 16px;\n  border-radius: 100px;\n}\n.dt-shortcode-soc-icons a.single-soc-icon-a13ec1500c455b9517707d7a62d3c8c3:last-child {\n  margin-right: 0;\n}\n.dt-shortcode-soc-icons a.single-soc-icon-a13ec1500c455b9517707d7a62d3c8c3:before,\n.dt-shortcode-soc-icons a.single-soc-icon-a13ec1500c455b9517707d7a62d3c8c3:after {\n  min-width: 26px;\n  min-height: 26px;\n  padding: inherit;\n}\n.dt-shortcode-soc-icons a.single-soc-icon-a13ec1500c455b9517707d7a62d3c8c3.dt-icon-border-on:before {\n  border: 0px solid ;\n}\n.dt-shortcode-soc-icons a.single-soc-icon-a13ec1500c455b9517707d7a62d3c8c3.dt-icon-hover-border-on:after {\n  border: 0px solid ;\n}\n.dt-shortcode-soc-icons a.single-soc-icon-a13ec1500c455b9517707d7a62d3c8c3:hover {\n  font-size: 16px;\n}\n#page .dt-shortcode-soc-icons a.single-soc-icon-a13ec1500c455b9517707d7a62d3c8c3:hover .soc-font-icon,\n#phantom .dt-shortcode-soc-icons a.single-soc-icon-a13ec1500c455b9517707d7a62d3c8c3:hover .soc-font-icon,\n#page .dt-shortcode-soc-icons a.single-soc-icon-a13ec1500c455b9517707d7a62d3c8c3:hover .soc-icon,\n#phantom .dt-shortcode-soc-icons a.single-soc-icon-a13ec1500c455b9517707d7a62d3c8c3:hover .soc-icon {\n  color: rgba(255,255,255,0.75);\n  background: none;\n}\n#page .dt-shortcode-soc-icons a.single-soc-icon-a13ec1500c455b9517707d7a62d3c8c3:not(:hover) .soc-font-icon,\n#phantom .dt-shortcode-soc-icons a.single-soc-icon-a13ec1500c455b9517707d7a62d3c8c3:not(:hover) .soc-font-icon,\n#page .dt-shortcode-soc-icons a.single-soc-icon-a13ec1500c455b9517707d7a62d3c8c3:not(:hover) .soc-icon,\n#phantom .dt-shortcode-soc-icons a.single-soc-icon-a13ec1500c455b9517707d7a62d3c8c3:not(:hover) .soc-icon {\n  color: #ffffff;\n  background: none;\n}\n.dt-shortcode-soc-icons a.single-soc-icon-a13ec1500c455b9517707d7a62d3c8c3 .soc-font-icon,\n.dt-shortcode-soc-icons a.single-soc-icon-a13ec1500c455b9517707d7a62d3c8c3 .soc-icon {\n  font-size: 16px;\n}\n<\/style><a title=\"Instagram\" href=\"https:\/\/www.instagram.com\/dijkstrahotels\/\" class=\"instagram single-soc-icon-a13ec1500c455b9517707d7a62d3c8c3 dt-icon-bg-on dt-icon-border-on dt-icon-hover-border-on dt-icon-hover-bg-on  \" ><i class=\"soc-icon soc-font-icon dt-icon-instagram\"><\/i><span class=\"screen-reader-text\">Instagram<\/span><\/a><style type=\"text\/css\" data-type=\"the7_shortcodes-inline-css\">.dt-shortcode-soc-icons a.single-soc-icon-8ea7ee62716e7154cd65800e65a2e7a2 {\n  min-width: 26px;\n  min-height: 26px;\n  font-size: 16px;\n  border-radius: 100px;\n}\n.dt-shortcode-soc-icons a.single-soc-icon-8ea7ee62716e7154cd65800e65a2e7a2:last-child {\n  margin-right: 0;\n}\n.dt-shortcode-soc-icons a.single-soc-icon-8ea7ee62716e7154cd65800e65a2e7a2:before,\n.dt-shortcode-soc-icons a.single-soc-icon-8ea7ee62716e7154cd65800e65a2e7a2:after {\n  min-width: 26px;\n  min-height: 26px;\n  padding: inherit;\n}\n.dt-shortcode-soc-icons a.single-soc-icon-8ea7ee62716e7154cd65800e65a2e7a2.dt-icon-border-on:before {\n  border: 0px solid ;\n}\n.dt-shortcode-soc-icons a.single-soc-icon-8ea7ee62716e7154cd65800e65a2e7a2.dt-icon-hover-border-on:after {\n  border: 0px solid ;\n}\n.dt-shortcode-soc-icons a.single-soc-icon-8ea7ee62716e7154cd65800e65a2e7a2:hover {\n  font-size: 16px;\n}\n#page .dt-shortcode-soc-icons a.single-soc-icon-8ea7ee62716e7154cd65800e65a2e7a2:hover .soc-font-icon,\n#phantom .dt-shortcode-soc-icons a.single-soc-icon-8ea7ee62716e7154cd65800e65a2e7a2:hover .soc-font-icon,\n#page .dt-shortcode-soc-icons a.single-soc-icon-8ea7ee62716e7154cd65800e65a2e7a2:hover .soc-icon,\n#phantom .dt-shortcode-soc-icons a.single-soc-icon-8ea7ee62716e7154cd65800e65a2e7a2:hover .soc-icon {\n  color: rgba(255,255,255,0.75);\n  background: none;\n}\n#page .dt-shortcode-soc-icons a.single-soc-icon-8ea7ee62716e7154cd65800e65a2e7a2:not(:hover) .soc-font-icon,\n#phantom .dt-shortcode-soc-icons a.single-soc-icon-8ea7ee62716e7154cd65800e65a2e7a2:not(:hover) .soc-font-icon,\n#page .dt-shortcode-soc-icons a.single-soc-icon-8ea7ee62716e7154cd65800e65a2e7a2:not(:hover) .soc-icon,\n#phantom .dt-shortcode-soc-icons a.single-soc-icon-8ea7ee62716e7154cd65800e65a2e7a2:not(:hover) .soc-icon {\n  color: #ffffff;\n  background: none;\n}\n.dt-shortcode-soc-icons a.single-soc-icon-8ea7ee62716e7154cd65800e65a2e7a2 .soc-font-icon,\n.dt-shortcode-soc-icons a.single-soc-icon-8ea7ee62716e7154cd65800e65a2e7a2 .soc-icon {\n  font-size: 16px;\n}\n<\/style><a title=\"Pinterest\" href=\"https:\/\/www.instagram.com\/dijkstrahotels\/\" class=\"pinterest single-soc-icon-8ea7ee62716e7154cd65800e65a2e7a2 dt-icon-bg-on dt-icon-border-on dt-icon-hover-border-on dt-icon-hover-bg-on  \" ><i class=\"soc-icon soc-font-icon dt-icon-pinterest\"><\/i><span class=\"screen-reader-text\">Pinterest<\/span><\/a><\/div>[\/vc_column_text][\/vc_column][vc_column width=&#8220;1\/3&#8243;][vc_column_text]<\/p>\n<h4 style=\"text-align: center;\">NEWSLETTER<\/h4>\n<p style=\"text-align: center;\">Abonnieren Sie den Newsletter<\/p>\n<p>[\/vc_column_text][vc_column_text]<\/p>\n<p style=\"text-align: center;\"><script>(function() {\n\twindow.mc4wp = window.mc4wp || {\n\t\tlisteners: [],\n\t\tforms: {\n\t\t\ton: function(evt, cb) {\n\t\t\t\twindow.mc4wp.listeners.push(\n\t\t\t\t\t{\n\t\t\t\t\t\tevent   : evt,\n\t\t\t\t\t\tcallback: cb\n\t\t\t\t\t}\n\t\t\t\t);\n\t\t\t}\n\t\t}\n\t}\n})();\n<\/script><!-- Mailchimp for WordPress v4.12.2 - https:\/\/wordpress.org\/plugins\/mailchimp-for-wp\/ --><form id=\"mc4wp-form-1\" class=\"mc4wp-form mc4wp-form-218\" method=\"post\" data-id=\"218\" data-name=\"Nieuwsbrief\" ><div class=\"mc4wp-form-fields\"><input placeholder=\"E-mailadres\" class=\"text-input\" type=\"email\" name=\"EMAIL\" required \/> <input type=\"submit\" value=\"Inschrijven\" \/>\r\n\r\n<\/div><label style=\"display: none !important;\">Wenn du ein Mensch bist, lasse das Feld leer: <input type=\"text\" name=\"_mc4wp_honeypot\" value=\"\" tabindex=\"-1\" autocomplete=\"off\" \/><\/label><input type=\"hidden\" name=\"_mc4wp_timestamp\" value=\"1778002839\" \/><input type=\"hidden\" name=\"_mc4wp_form_id\" value=\"218\" \/><input type=\"hidden\" name=\"_mc4wp_form_element_id\" value=\"mc4wp-form-1\" \/><div class=\"mc4wp-response\"><\/div><\/form><!-- \/ Mailchimp for WordPress Plugin --><\/p>\n<p>[\/vc_column_text][\/vc_column][\/vc_row][vc_row][vc_column][vc_column_text]<\/p>\n<p>[\/vc_column_text][vc_separator color=&#8220;chino&#8220;][\/vc_column][\/vc_row][vc_row][vc_column][vc_column_text]<\/p>\n<h3 style=\"text-align: center;\"><span style=\"color: #808080;\">Instagram<\/span><\/h3>\n<p style=\"text-align: center;\"><span style=\"color: #999999;\">FOLGE UNS AUS INSTAGRAM.COM\/<\/span><span style=\"color: #999999;\">DIJKSTRAHOTELS\/<\/span><\/p>\n<p>[\/vc_column_text][vc_column_text]<\/p>\n<div id=\"sb_instagram\"  class=\"sbi sbi_mob_col_1 sbi_tab_col_2 sbi_col_5\" style=\"width: 100%;\"\t data-feedid=\"*1\"  data-res=\"full\" data-cols=\"5\" data-colsmobile=\"1\" data-colstablet=\"2\" data-num=\"5\" data-nummobile=\"\" data-item-padding=\"\"\t data-shortcode-atts=\"{&quot;cachetime&quot;:30}\"  data-postid=\"565\" data-locatornonce=\"5f2f69b33f\" data-imageaspectratio=\"1:1\" data-sbi-flags=\"favorLocal\">\n\t\n\t<div id=\"sbi_images\" >\n\t\t\t<\/div>\n\n\t<div id=\"sbi_load\" >\n\n\t\n\t\n<\/div>\n\t\t<span class=\"sbi_resized_image_data\" data-feed-id=\"*1\"\n\t\t  data-resized=\"[]\">\n\t<\/span>\n\t<\/div>\n\n[\/vc_column_text][\/vc_column][\/vc_row][vc_row][vc_column][vc_column_text]<\/p>\n<p>[\/vc_column_text][\/vc_column][\/vc_row]<\/p>\n<\/div>","protected":false},"excerpt":{"rendered":"<p>[vc_row][vc_column][vc_column_text css=&#8220;&#8220;] Willkommen bei DIJKSTRA HOTELS * * * * Die Dijkstra Hotels sind aus dem ehemaligen Hotel Breeburg, dem Hotel Heerlijkheid und dem Hotel van Renenpark in der Breelaan 22, 24 und 26 im Zentrum von Bergen entstanden. Seit 2025 sind die Dijkstra Hotels ein 4-Sterne-Hotel mit all seinen Einrichtungen und Dienstleistungen. Lassen Sie&hellip;<\/p>\n","protected":false},"author":1,"featured_media":0,"parent":0,"menu_order":0,"comment_status":"closed","ping_status":"closed","template":"","meta":{"footnotes":""},"class_list":["post-565","page","type-page","status-publish","hentry","description-off"],"yoast_head":"<!-- This site is optimized with the Yoast SEO plugin v27.4 - https:\/\/yoast.com\/product\/yoast-seo-wordpress\/ -->\n<title>Dijkstra Hotels - Bergen - Dijkstra hotels<\/title>\n<meta name=\"description\" content=\"Hotel Breeburg ist ein kleines Hotel im Zentrum von Bergen. Ein St\u00fcck war eines dieser Dinge, die gemacht werden konnten, wenn es wirklich viele Hits gab, dann wurde einige Kunst auf andere Weise gemacht.\" \/>\n<meta name=\"robots\" content=\"index, follow, max-snippet:-1, max-image-preview:large, max-video-preview:-1\" \/>\n<link rel=\"canonical\" href=\"https:\/\/www.dijkstrahotels.com\/de\/dijkstra-hotels\/\" \/>\n<meta property=\"og:locale\" content=\"de_DE\" \/>\n<meta property=\"og:type\" content=\"article\" \/>\n<meta property=\"og:title\" content=\"Dijkstra Hotels - Bergen - Dijkstra hotels\" \/>\n<meta property=\"og:description\" content=\"Hotel Breeburg ist ein kleines Hotel im Zentrum von Bergen. Ein St\u00fcck war eines dieser Dinge, die gemacht werden konnten, wenn es wirklich viele Hits gab, dann wurde einige Kunst auf andere Weise gemacht.\" \/>\n<meta property=\"og:url\" content=\"https:\/\/www.dijkstrahotels.com\/de\/dijkstra-hotels\/\" \/>\n<meta property=\"og:site_name\" content=\"Dijkstra hotels\" \/>\n<meta property=\"article:modified_time\" content=\"2026-03-05T19:33:33+00:00\" \/>\n<meta name=\"twitter:card\" content=\"summary_large_image\" \/>\n<meta name=\"twitter:label1\" content=\"Gesch\u00e4tzte Lesezeit\" \/>\n\t<meta name=\"twitter:data1\" content=\"2 Minuten\" \/>\n<script type=\"application\/ld+json\" class=\"yoast-schema-graph\">{\"@context\":\"https:\\\/\\\/schema.org\",\"@graph\":[{\"@type\":\"WebPage\",\"@id\":\"https:\\\/\\\/www.dijkstrahotels.com\\\/de\\\/dijkstra-hotels\\\/\",\"url\":\"https:\\\/\\\/www.dijkstrahotels.com\\\/de\\\/dijkstra-hotels\\\/\",\"name\":\"Dijkstra Hotels - Bergen - Dijkstra hotels\",\"isPartOf\":{\"@id\":\"https:\\\/\\\/www.dijkstrahotels.com\\\/#website\"},\"datePublished\":\"2016-02-22T09:39:58+00:00\",\"dateModified\":\"2026-03-05T19:33:33+00:00\",\"description\":\"Hotel Breeburg ist ein kleines Hotel im Zentrum von Bergen. Ein St\u00fcck war eines dieser Dinge, die gemacht werden konnten, wenn es wirklich viele Hits gab, dann wurde einige Kunst auf andere Weise gemacht.\",\"breadcrumb\":{\"@id\":\"https:\\\/\\\/www.dijkstrahotels.com\\\/de\\\/dijkstra-hotels\\\/#breadcrumb\"},\"inLanguage\":\"de-DE\",\"potentialAction\":[{\"@type\":\"ReadAction\",\"target\":[\"https:\\\/\\\/www.dijkstrahotels.com\\\/de\\\/dijkstra-hotels\\\/\"]}]},{\"@type\":\"BreadcrumbList\",\"@id\":\"https:\\\/\\\/www.dijkstrahotels.com\\\/de\\\/dijkstra-hotels\\\/#breadcrumb\",\"itemListElement\":[{\"@type\":\"ListItem\",\"position\":1,\"name\":\"Home\",\"item\":\"https:\\\/\\\/www.dijkstrahotels.com\\\/de\\\/\"},{\"@type\":\"ListItem\",\"position\":2,\"name\":\"Dijkstra Hotels &#8211; Bergen\"}]},{\"@type\":\"WebSite\",\"@id\":\"https:\\\/\\\/www.dijkstrahotels.com\\\/#website\",\"url\":\"https:\\\/\\\/www.dijkstrahotels.com\\\/\",\"name\":\"Dijkstra hotels\",\"description\":\"Bijzondere kleinschalige hotels in Bergen\",\"potentialAction\":[{\"@type\":\"SearchAction\",\"target\":{\"@type\":\"EntryPoint\",\"urlTemplate\":\"https:\\\/\\\/www.dijkstrahotels.com\\\/?s={search_term_string}\"},\"query-input\":{\"@type\":\"PropertyValueSpecification\",\"valueRequired\":true,\"valueName\":\"search_term_string\"}}],\"inLanguage\":\"de-DE\"}]}<\/script>\n<!-- \/ Yoast SEO plugin. -->","yoast_head_json":{"title":"Dijkstra Hotels - Bergen - Dijkstra hotels","description":"Hotel Breeburg ist ein kleines Hotel im Zentrum von Bergen. Ein St\u00fcck war eines dieser Dinge, die gemacht werden konnten, wenn es wirklich viele Hits gab, dann wurde einige Kunst auf andere Weise gemacht.","robots":{"index":"index","follow":"follow","max-snippet":"max-snippet:-1","max-image-preview":"max-image-preview:large","max-video-preview":"max-video-preview:-1"},"canonical":"https:\/\/www.dijkstrahotels.com\/de\/dijkstra-hotels\/","og_locale":"de_DE","og_type":"article","og_title":"Dijkstra Hotels - Bergen - Dijkstra hotels","og_description":"Hotel Breeburg ist ein kleines Hotel im Zentrum von Bergen. Ein St\u00fcck war eines dieser Dinge, die gemacht werden konnten, wenn es wirklich viele Hits gab, dann wurde einige Kunst auf andere Weise gemacht.","og_url":"https:\/\/www.dijkstrahotels.com\/de\/dijkstra-hotels\/","og_site_name":"Dijkstra hotels","article_modified_time":"2026-03-05T19:33:33+00:00","twitter_card":"summary_large_image","twitter_misc":{"Gesch\u00e4tzte Lesezeit":"2 Minuten"},"schema":{"@context":"https:\/\/schema.org","@graph":[{"@type":"WebPage","@id":"https:\/\/www.dijkstrahotels.com\/de\/dijkstra-hotels\/","url":"https:\/\/www.dijkstrahotels.com\/de\/dijkstra-hotels\/","name":"Dijkstra Hotels - Bergen - Dijkstra hotels","isPartOf":{"@id":"https:\/\/www.dijkstrahotels.com\/#website"},"datePublished":"2016-02-22T09:39:58+00:00","dateModified":"2026-03-05T19:33:33+00:00","description":"Hotel Breeburg ist ein kleines Hotel im Zentrum von Bergen. Ein St\u00fcck war eines dieser Dinge, die gemacht werden konnten, wenn es wirklich viele Hits gab, dann wurde einige Kunst auf andere Weise gemacht.","breadcrumb":{"@id":"https:\/\/www.dijkstrahotels.com\/de\/dijkstra-hotels\/#breadcrumb"},"inLanguage":"de-DE","potentialAction":[{"@type":"ReadAction","target":["https:\/\/www.dijkstrahotels.com\/de\/dijkstra-hotels\/"]}]},{"@type":"BreadcrumbList","@id":"https:\/\/www.dijkstrahotels.com\/de\/dijkstra-hotels\/#breadcrumb","itemListElement":[{"@type":"ListItem","position":1,"name":"Home","item":"https:\/\/www.dijkstrahotels.com\/de\/"},{"@type":"ListItem","position":2,"name":"Dijkstra Hotels &#8211; Bergen"}]},{"@type":"WebSite","@id":"https:\/\/www.dijkstrahotels.com\/#website","url":"https:\/\/www.dijkstrahotels.com\/","name":"Dijkstra hotels","description":"Bijzondere kleinschalige hotels in Bergen","potentialAction":[{"@type":"SearchAction","target":{"@type":"EntryPoint","urlTemplate":"https:\/\/www.dijkstrahotels.com\/?s={search_term_string}"},"query-input":{"@type":"PropertyValueSpecification","valueRequired":true,"valueName":"search_term_string"}}],"inLanguage":"de-DE"}]}},"_links":{"self":[{"href":"https:\/\/www.dijkstrahotels.com\/de\/wp-json\/wp\/v2\/pages\/565","targetHints":{"allow":["GET"]}}],"collection":[{"href":"https:\/\/www.dijkstrahotels.com\/de\/wp-json\/wp\/v2\/pages"}],"about":[{"href":"https:\/\/www.dijkstrahotels.com\/de\/wp-json\/wp\/v2\/types\/page"}],"author":[{"embeddable":true,"href":"https:\/\/www.dijkstrahotels.com\/de\/wp-json\/wp\/v2\/users\/1"}],"replies":[{"embeddable":true,"href":"https:\/\/www.dijkstrahotels.com\/de\/wp-json\/wp\/v2\/comments?post=565"}],"version-history":[{"count":137,"href":"https:\/\/www.dijkstrahotels.com\/de\/wp-json\/wp\/v2\/pages\/565\/revisions"}],"predecessor-version":[{"id":10326,"href":"https:\/\/www.dijkstrahotels.com\/de\/wp-json\/wp\/v2\/pages\/565\/revisions\/10326"}],"wp:attachment":[{"href":"https:\/\/www.dijkstrahotels.com\/de\/wp-json\/wp\/v2\/media?parent=565"}],"curies":[{"name":"wp","href":"https:\/\/api.w.org\/{rel}","templated":true}]}}