{"id":540,"date":"2016-02-10T11:14:18","date_gmt":"2016-02-10T10:14:18","guid":{"rendered":"https:\/\/www.dijkstrahotels.com\/de\/chambres-dhotes\/faciliteiten\/"},"modified":"2022-02-07T14:26:37","modified_gmt":"2022-02-07T13:26:37","slug":"faciliteiten","status":"publish","type":"page","link":"https:\/\/www.dijkstrahotels.com\/de\/faciliteiten\/","title":{"rendered":"Einrichtung | Dienstleistungen"},"content":{"rendered":"<div class=\"wpb-content-wrapper\"><p>[vc_row][vc_column]<div class=\"dt-fancy-separator h2-size\" style=\"width: 100%;\"><div class=\"dt-fancy-title\"><span class=\"separator-holder separator-left\"><\/span>Hotelanlage<span class=\"separator-holder separator-right\"><\/span><\/div><\/div>[vc_empty_space][vc_column_text]<\/p>\n<h4 style=\"text-align: center;\"><span class=\"Y2IQFc\" lang=\"de\">Unsere Hotels in Bergen bieten verschiedene Einrichtungen und Dienstleistungen, um Ihren Aufenthalt hier in Bergen so angenehm wie m\u00f6glich zu gestalten. <\/span><\/h4>\n<h4 style=\"text-align: center;\"><span class=\"Y2IQFc\" lang=\"de\">Ob Sie f\u00fcr ein erholsames Wochenende, einen wundersch\u00f6nen Urlaub oder als \u00dcbernachtung f\u00fcr einen festlichen Anlass kommen, mit unseren Leistungen wird es Ihnen an nichts fehlen. <\/span><\/h4>\n<h4 style=\"text-align: center;\"><span class=\"Y2IQFc\" lang=\"de\">Ein Zuhause, auch wenn Sie nicht zu Hause sind!<\/span><\/h4>\n<p>[\/vc_column_text][vc_separator border_width=&#8220;2&#8243;][\/vc_column][\/vc_row][vc_row][vc_column width=&#8220;1\/2&#8243;][vc_single_image image=&#8220;7865&#8243; img_size=&#8220;600&#215;350&#8243;][\/vc_column][vc_column width=&#8220;1\/2&#8243;]<div class=\"dt-fancy-separator title-left h3-size accent-title-color\" style=\"width: 100%;\"><div class=\"dt-fancy-title\"><span class=\"separator-holder separator-left\"><\/span>Anlagen<span class=\"separator-holder separator-right\"><\/span><\/div><\/div>[vc_empty_space height=&#8220;16px&#8220;][vc_column_text]\u2022 <span class=\"Y2IQFc\" lang=\"de\">Verschiedene Zimmertypen; von Basic Zimmer bis hin zu ger\u00e4umigen Comfort Zimmer &amp; Suiten<br \/>\n<\/span>\u2022<span class=\"Y2IQFc\" lang=\"de\">Alle Zimmer verf\u00fcgen \u00fcber ein eigenes Badezimmer mit Dusche und\/oder Badewanne und Haartrockner<br \/>\n<\/span>\u2022 <span class=\"Y2IQFc\" lang=\"de\">Pflegeprodukte aus der Spa Collection<br \/>\n<\/span>\u2022 Fernsehen | Sicher<br \/>\n\u2022 <span class=\"Y2IQFc\" lang=\"de\">WLAN im gesamten Hotel<br \/>\n<\/span>\u2022 <span class=\"Y2IQFc\" lang=\"de\">Reichhaltiges Fr\u00fchst\u00fccksbuffet<br \/>\n<\/span>\u2022 Rezeption von 08:00 &#8211; 20:00 Uhr besetzt<br \/>\n\u2022 <span class=\"Y2IQFc\" lang=\"de\">Fahrad verleih<br \/>\n<\/span>\u2022 Fahrraddepot | Gep\u00e4cklagerung<br \/>\n\u2022 <span class=\"Y2IQFc\" lang=\"de\">Parkausweise gegen Geb\u00fchr (nach Verf\u00fcgbarkeit)<\/span>[\/vc_column_text][\/vc_column][\/vc_row][vc_row][vc_column][vc_empty_space height=&#8220;64px&#8220;][\/vc_column][\/vc_row][vc_row][vc_column width=&#8220;1\/2&#8243;][vc_single_image image=&#8220;7539&#8243; img_size=&#8220;600&#215;300&#8243;][\/vc_column][vc_column width=&#8220;1\/2&#8243;]<div class=\"dt-fancy-separator title-left h3-size accent-title-color\" style=\"width: 100%;\"><div class=\"dt-fancy-title\"><span class=\"separator-holder separator-left\"><\/span>Service<span class=\"separator-holder separator-right\"><\/span><\/div><\/div>[vc_empty_space height=&#8220;16px&#8220;][vc_column_text]\u2022 <span class=\"Y2IQFc\" lang=\"de\">T\u00e4gliche kleine Reinigung Ihres Zimmers oder Ihrer Suite<br \/>\n<\/span>\u2022 R<span class=\"Y2IQFc\" lang=\"de\">eichhaltiges Fr\u00fchst\u00fccksbuffet<\/span>van 08.00 tot 10.00 uur<br \/>\n\u2022 Check-in von 15:00 &#8211; 18:00 (bei sp\u00e4terer Anreise bitte rechtzeitig Bescheid geben)<br \/>\n\u2022 Check-out von 08:00 &#8211; 11:00<br \/>\n\u2022 <span class=\"Y2IQFc\" lang=\"de\">Sp\u00e4ter Check-out nach Absprache m\u00f6glich. Fragen Sie nach den M\u00f6glichkeiten<br \/>\n<\/span>\u2022 Wir k\u00f6nnen in unserem Restaurant Studlers reservieren<br \/>\n\u2022 <span class=\"Y2IQFc\" lang=\"de\">W\u00e4sche- und B\u00fcgelservice auf Anfrage und gegen Geb\u00fchr<br \/>\n<\/span>\u2022 Haustiere sind gegen Geb\u00fchr willkommen<br \/>\n\u2022 <span style=\"font-family: Arial, Helvetica, sans-serif;\">Unsere Hotels sind Nichtraucherhotels<\/span>[\/vc_column_text][\/vc_column][\/vc_row][vc_row][vc_column][vc_empty_space height=&#8220;64px&#8220;][\/vc_column][\/vc_row][vc_row][vc_column width=&#8220;1\/2&#8243;][vc_single_image image=&#8220;7878&#8243; img_size=&#8220;600&#215;300&#8243;][\/vc_column][vc_column width=&#8220;1\/2&#8243;]<div class=\"dt-fancy-separator title-left h3-size accent-title-color\" style=\"width: 100%;\"><div class=\"dt-fancy-title\"><span class=\"separator-holder separator-left\"><\/span>Fahrad verleih<span class=\"separator-holder separator-right\"><\/span><\/div><\/div>[vc_empty_space height=&#8220;16px&#8220;][vc_column_text]<span class=\"Y2IQFc\" lang=\"de\">Bergen und Umgebung ist der ideale Ort zum Radfahren! Radeln Sie durch den Wald zu den D\u00fcnen von Bergen aan Zee und Schoorl. Oder fahren Sie durch die Wiesenlandschaft und besuchen Sie die K\u00e4sestadt Alkmaar.<\/span><\/p>\n<p><span class=\"Y2IQFc\" lang=\"de\">Mit unseren komfortablen Leihfahrr\u00e4dern mit 3-Gang-Schaltung k\u00f6nnen Sie das Radfahren genie\u00dfen;<\/span><\/p>\n<p>1 Tag ist \u20ac 9,50 pro Fahrrad<br \/>\n3 Tage ist \u20ac 30,00 pro Fahrrad<br \/>\n1 Woche ist \u20ac 60,00 pro Fahrrad<\/p>\n<p><span class=\"Y2IQFc\" lang=\"de\">Selbstverst\u00e4ndlich k\u00f6nnen Sie Ihr eigenes Fahrrad im sicheren Fahrraddepot abstellen. Das Fahrraddepot ist mit einer Fahrradpumpe und einem kleinen Fahrradreparaturset ausgestattet. Hier k\u00f6nnen Sie auch Ihr Elektrofahrrad aufladen.<\/span>[\/vc_column_text][\/vc_column][\/vc_row][vc_row][vc_column][vc_empty_space height=&#8220;64px&#8220;][\/vc_column][\/vc_row][vc_row][vc_column width=&#8220;1\/2&#8243;][vc_single_image image=&#8220;7738&#8243; img_size=&#8220;600&#215;300&#8243;][\/vc_column][vc_column width=&#8220;1\/2&#8243;]<div class=\"dt-fancy-separator title-left h3-size accent-title-color\" style=\"width: 100%;\"><div class=\"dt-fancy-title\"><span class=\"separator-holder separator-left\"><\/span>Restaurant Studlers<span class=\"separator-holder separator-right\"><\/span><\/div><\/div>[vc_empty_space height=&#8220;16px&#8220;][vc_column_text]<span class=\"Y2IQFc\" lang=\"de\">Im Restaurant empf\u00e4ngt Studler seine G\u00e4ste zu einer Tasse Kaffee, Lunch, Drink oder Dinner. Die regelm\u00e4\u00dfig wechselnde Speisekarte bietet raffinierte Gerichte, wobei nach M\u00f6glichkeit Produkte aus der Saison und der Region verwendet werden. Genie\u00dfen Sie im Sommer den ganzen Tag die Sonne auf unserer gro\u00dfen Terrasse.<\/span><\/p>\n<p>[\/vc_column_text][\/vc_column][\/vc_row][vc_row][vc_column][vc_empty_space height=&#8220;64px&#8220;][\/vc_column][\/vc_row][vc_row][vc_column width=&#8220;1\/2&#8243;][vc_single_image image=&#8220;7854&#8243; img_size=&#8220;600&#215;300&#8243;][\/vc_column][vc_column width=&#8220;1\/2&#8243;]<div class=\"dt-fancy-separator title-left h3-size accent-title-color\" style=\"width: 100%;\"><div class=\"dt-fancy-title\"><span class=\"separator-holder separator-left\"><\/span>Fitnessraum<span class=\"separator-holder separator-right\"><\/span><\/div><\/div>[vc_empty_space height=&#8220;16px&#8220;][vc_column_text]<span class=\"Y2IQFc\" lang=\"de\">Sie m\u00f6chten sich im Urlaub fit halten? Unser Hotel verf\u00fcgt \u00fcber einen kleinen Fitnessraum. Hier k\u00f6nnen Sie an Ihrem K\u00f6rper und Geist arbeiten.<\/span><\/p>\n<p><span class=\"Y2IQFc\" lang=\"de\">Unser Fitnessraum bietet:<\/span><\/p>\n<ul>\n<li style=\"list-style-type: none;\">\n<ul>\n<li>Zwei Heimtrainer<\/li>\n<li>Fitness-Kraftwerk<\/li>\n<li>Drehbarer Stepper<\/li>\n<li>Liegerad<\/li>\n<li>Boxsack<\/li>\n<\/ul>\n<\/li>\n<\/ul>\n<p>[\/vc_column_text][\/vc_column][\/vc_row][vc_row][vc_column][vc_empty_space height=&#8220;64px&#8220;][\/vc_column][\/vc_row]<\/p>\n<\/div>","protected":false},"excerpt":{"rendered":"<p>[vc_row][vc_column][vc_empty_space][vc_column_text] Unsere Hotels in Bergen bieten verschiedene Einrichtungen und Dienstleistungen, um Ihren Aufenthalt hier in Bergen so angenehm wie m\u00f6glich zu gestalten. Ob Sie f\u00fcr ein erholsames Wochenende, einen wundersch\u00f6nen Urlaub oder als \u00dcbernachtung f\u00fcr einen festlichen Anlass kommen, mit unseren Leistungen wird es Ihnen an nichts fehlen. Ein Zuhause, auch wenn Sie nicht zu&hellip;<\/p>\n","protected":false},"author":1,"featured_media":0,"parent":0,"menu_order":1,"comment_status":"closed","ping_status":"closed","template":"","meta":{"footnotes":""},"class_list":["post-540","page","type-page","status-publish","hentry","description-off"],"yoast_head":"<!-- This site is optimized with the Yoast SEO plugin v27.1.1 - https:\/\/yoast.com\/product\/yoast-seo-wordpress\/ -->\n<title>Einrichtung | Dienstleistungen - Dijkstra hotels<\/title>\n<meta name=\"description\" content=\"Of u nou zakelijk of als toerist onze hotels in Bergen bezoekt, het zal u niets ontbreken. Restaurant Studlers, fietsverhuur, parkeermogelijkheden en veel meer!\" \/>\n<meta name=\"robots\" content=\"index, follow, max-snippet:-1, max-image-preview:large, max-video-preview:-1\" \/>\n<link rel=\"canonical\" href=\"https:\/\/www.dijkstrahotels.com\/de\/faciliteiten\/\" \/>\n<meta property=\"og:locale\" content=\"de_DE\" \/>\n<meta property=\"og:type\" content=\"article\" \/>\n<meta property=\"og:title\" content=\"Einrichtung | Dienstleistungen - Dijkstra hotels\" \/>\n<meta property=\"og:description\" content=\"Of u nou zakelijk of als toerist onze hotels in Bergen bezoekt, het zal u niets ontbreken. Restaurant Studlers, fietsverhuur, parkeermogelijkheden en veel meer!\" \/>\n<meta property=\"og:url\" content=\"https:\/\/www.dijkstrahotels.com\/de\/faciliteiten\/\" \/>\n<meta property=\"og:site_name\" content=\"Dijkstra hotels\" \/>\n<meta property=\"article:modified_time\" content=\"2022-02-07T13:26:37+00:00\" \/>\n<meta name=\"twitter:card\" content=\"summary_large_image\" \/>\n<meta name=\"twitter:label1\" content=\"Gesch\u00e4tzte Lesezeit\" \/>\n\t<meta name=\"twitter:data1\" content=\"2 Minuten\" \/>\n<script type=\"application\/ld+json\" class=\"yoast-schema-graph\">{\"@context\":\"https:\/\/schema.org\",\"@graph\":[{\"@type\":\"WebPage\",\"@id\":\"https:\/\/www.dijkstrahotels.com\/de\/faciliteiten\/\",\"url\":\"https:\/\/www.dijkstrahotels.com\/de\/faciliteiten\/\",\"name\":\"Einrichtung | Dienstleistungen - Dijkstra hotels\",\"isPartOf\":{\"@id\":\"https:\/\/www.dijkstrahotels.com\/#website\"},\"datePublished\":\"2016-02-10T10:14:18+00:00\",\"dateModified\":\"2022-02-07T13:26:37+00:00\",\"description\":\"Of u nou zakelijk of als toerist onze hotels in Bergen bezoekt, het zal u niets ontbreken. Restaurant Studlers, fietsverhuur, parkeermogelijkheden en veel meer!\",\"breadcrumb\":{\"@id\":\"https:\/\/www.dijkstrahotels.com\/de\/faciliteiten\/#breadcrumb\"},\"inLanguage\":\"de-DE\",\"potentialAction\":[{\"@type\":\"ReadAction\",\"target\":[\"https:\/\/www.dijkstrahotels.com\/de\/faciliteiten\/\"]}]},{\"@type\":\"BreadcrumbList\",\"@id\":\"https:\/\/www.dijkstrahotels.com\/de\/faciliteiten\/#breadcrumb\",\"itemListElement\":[{\"@type\":\"ListItem\",\"position\":1,\"name\":\"Home\",\"item\":\"https:\/\/www.dijkstrahotels.com\/de\/\"},{\"@type\":\"ListItem\",\"position\":2,\"name\":\"Einrichtung | Dienstleistungen\"}]},{\"@type\":\"WebSite\",\"@id\":\"https:\/\/www.dijkstrahotels.com\/#website\",\"url\":\"https:\/\/www.dijkstrahotels.com\/\",\"name\":\"Dijkstra hotels\",\"description\":\"Bijzondere kleinschalige hotels in Bergen\",\"potentialAction\":[{\"@type\":\"SearchAction\",\"target\":{\"@type\":\"EntryPoint\",\"urlTemplate\":\"https:\/\/www.dijkstrahotels.com\/?s={search_term_string}\"},\"query-input\":{\"@type\":\"PropertyValueSpecification\",\"valueRequired\":true,\"valueName\":\"search_term_string\"}}],\"inLanguage\":\"de-DE\"}]}<\/script>\n<!-- \/ Yoast SEO plugin. -->","yoast_head_json":{"title":"Einrichtung | Dienstleistungen - Dijkstra hotels","description":"Of u nou zakelijk of als toerist onze hotels in Bergen bezoekt, het zal u niets ontbreken. Restaurant Studlers, fietsverhuur, parkeermogelijkheden en veel meer!","robots":{"index":"index","follow":"follow","max-snippet":"max-snippet:-1","max-image-preview":"max-image-preview:large","max-video-preview":"max-video-preview:-1"},"canonical":"https:\/\/www.dijkstrahotels.com\/de\/faciliteiten\/","og_locale":"de_DE","og_type":"article","og_title":"Einrichtung | Dienstleistungen - Dijkstra hotels","og_description":"Of u nou zakelijk of als toerist onze hotels in Bergen bezoekt, het zal u niets ontbreken. Restaurant Studlers, fietsverhuur, parkeermogelijkheden en veel meer!","og_url":"https:\/\/www.dijkstrahotels.com\/de\/faciliteiten\/","og_site_name":"Dijkstra hotels","article_modified_time":"2022-02-07T13:26:37+00:00","twitter_card":"summary_large_image","twitter_misc":{"Gesch\u00e4tzte Lesezeit":"2 Minuten"},"schema":{"@context":"https:\/\/schema.org","@graph":[{"@type":"WebPage","@id":"https:\/\/www.dijkstrahotels.com\/de\/faciliteiten\/","url":"https:\/\/www.dijkstrahotels.com\/de\/faciliteiten\/","name":"Einrichtung | Dienstleistungen - Dijkstra hotels","isPartOf":{"@id":"https:\/\/www.dijkstrahotels.com\/#website"},"datePublished":"2016-02-10T10:14:18+00:00","dateModified":"2022-02-07T13:26:37+00:00","description":"Of u nou zakelijk of als toerist onze hotels in Bergen bezoekt, het zal u niets ontbreken. Restaurant Studlers, fietsverhuur, parkeermogelijkheden en veel meer!","breadcrumb":{"@id":"https:\/\/www.dijkstrahotels.com\/de\/faciliteiten\/#breadcrumb"},"inLanguage":"de-DE","potentialAction":[{"@type":"ReadAction","target":["https:\/\/www.dijkstrahotels.com\/de\/faciliteiten\/"]}]},{"@type":"BreadcrumbList","@id":"https:\/\/www.dijkstrahotels.com\/de\/faciliteiten\/#breadcrumb","itemListElement":[{"@type":"ListItem","position":1,"name":"Home","item":"https:\/\/www.dijkstrahotels.com\/de\/"},{"@type":"ListItem","position":2,"name":"Einrichtung | Dienstleistungen"}]},{"@type":"WebSite","@id":"https:\/\/www.dijkstrahotels.com\/#website","url":"https:\/\/www.dijkstrahotels.com\/","name":"Dijkstra hotels","description":"Bijzondere kleinschalige hotels in Bergen","potentialAction":[{"@type":"SearchAction","target":{"@type":"EntryPoint","urlTemplate":"https:\/\/www.dijkstrahotels.com\/?s={search_term_string}"},"query-input":{"@type":"PropertyValueSpecification","valueRequired":true,"valueName":"search_term_string"}}],"inLanguage":"de-DE"}]}},"_links":{"self":[{"href":"https:\/\/www.dijkstrahotels.com\/de\/wp-json\/wp\/v2\/pages\/540","targetHints":{"allow":["GET"]}}],"collection":[{"href":"https:\/\/www.dijkstrahotels.com\/de\/wp-json\/wp\/v2\/pages"}],"about":[{"href":"https:\/\/www.dijkstrahotels.com\/de\/wp-json\/wp\/v2\/types\/page"}],"author":[{"embeddable":true,"href":"https:\/\/www.dijkstrahotels.com\/de\/wp-json\/wp\/v2\/users\/1"}],"replies":[{"embeddable":true,"href":"https:\/\/www.dijkstrahotels.com\/de\/wp-json\/wp\/v2\/comments?post=540"}],"version-history":[{"count":117,"href":"https:\/\/www.dijkstrahotels.com\/de\/wp-json\/wp\/v2\/pages\/540\/revisions"}],"predecessor-version":[{"id":9085,"href":"https:\/\/www.dijkstrahotels.com\/de\/wp-json\/wp\/v2\/pages\/540\/revisions\/9085"}],"wp:attachment":[{"href":"https:\/\/www.dijkstrahotels.com\/de\/wp-json\/wp\/v2\/media?parent=540"}],"curies":[{"name":"wp","href":"https:\/\/api.w.org\/{rel}","templated":true}]}}